{"id":10346,"date":"2024-03-12T15:57:06","date_gmt":"2024-03-12T14:57:06","guid":{"rendered":"https:\/\/acsyslaser.com\/solutions\/ingenierie\/"},"modified":"2024-06-12T15:24:35","modified_gmt":"2024-06-12T13:24:35","slug":"ingenierie","status":"publish","type":"page","link":"https:\/\/acsys.wp3.visual4.com\/fr\/solutions\/ingenierie\/","title":{"rendered":"Ing\u00e9nierie"},"content":{"rendered":"\n<div class=\"wp-block-group alignfull has-global-padding is-layout-constrained wp-block-group-is-layout-constrained\" style=\"margin-top:0;margin-bottom:var(--wp--preset--spacing--70)\">\n<div id=\"v4-cover-slider\" class=\"wp-block-visual4-cover-slider alignfull\" data-autoplay=\"false\">\n\n    \n    <div class=\"wp-block-visual4-cover-slider-slides v4-cover-slider-slides\">\n\n<div class=\"wp-block-visual4-cover-slider-slides-item is-style-mask-bottom\">\n\n<div class=\"wp-block-group alignfull is-layout-flow wp-block-group-is-layout-flow\">\n<div class=\"wp-block-cover\" style=\"padding-top:var(--wp--preset--spacing--60);padding-right:var(--wp--preset--spacing--60);padding-bottom:var(--wp--preset--spacing--60);padding-left:var(--wp--preset--spacing--60);min-height:80vh;aspect-ratio:unset;\"><span aria-hidden=\"true\" class=\"wp-block-cover__background has-background-dim-10 has-background-dim\" style=\"background-color:#526769\"><\/span><img loading=\"lazy\" decoding=\"async\" width=\"1920\" height=\"1080\" class=\"wp-block-cover__image-background wp-image-6614\" alt=\"\" src=\"https:\/\/acsys.wp3.visual4.com\/\/wp-content\/uploads\/ACSYS_Engineering_header-2.jpg\" data-object-fit=\"cover\" srcset=\"https:\/\/acsys.wp3.visual4.com\/wp-content\/uploads\/ACSYS_Engineering_header-2.jpg 1920w, https:\/\/acsys.wp3.visual4.com\/wp-content\/uploads\/ACSYS_Engineering_header-2-300x169.jpg 300w, https:\/\/acsys.wp3.visual4.com\/wp-content\/uploads\/ACSYS_Engineering_header-2-1024x576.jpg 1024w, https:\/\/acsys.wp3.visual4.com\/wp-content\/uploads\/ACSYS_Engineering_header-2-768x432.jpg 768w, https:\/\/acsys.wp3.visual4.com\/wp-content\/uploads\/ACSYS_Engineering_header-2-1536x864.jpg 1536w\" sizes=\"auto, (max-width: 1920px) 100vw, 1920px\" \/><div class=\"wp-block-cover__inner-container is-layout-flow wp-block-cover-is-layout-flow\">\n<div class=\"wp-block-group is-nowrap is-layout-flex wp-container-core-group-is-layout-6c531013 wp-block-group-is-layout-flex\">\n<div class=\"wp-block-group has-tertiary-transparent-background-color has-background has-global-padding is-layout-constrained wp-container-core-group-is-layout-ebfeba3a wp-block-group-is-layout-constrained\" style=\"margin-bottom:var(--wp--preset--spacing--70);padding-top:var(--wp--preset--spacing--30);padding-right:var(--wp--preset--spacing--30);padding-bottom:var(--wp--preset--spacing--30);padding-left:var(--wp--preset--spacing--30)\">\n<h1 class=\"wp-block-heading\" style=\"margin-bottom:0\">Ing\u00e9nierie<\/h1>\n\n\n\n<p class=\"has-large-font-size\" style=\"margin-bottom:var(--wp--preset--spacing--20)\">Les technologies innovantes d&rsquo;ACSYS pour l&rsquo;usinage laser avanc\u00e9<\/p>\n\n\n\n<p>Ce qui nous motive chez ACSYS, ce sont les d\u00e9fis dans le domaine de l&rsquo;usinage laser de haute pr\u00e9cision. Notre soif de connaissances et notre esprit pionnier nous poussent \u00e0 donner le meilleur de nous-m\u00eames. Il en r\u00e9sulte des solutions d&rsquo;ing\u00e9nierie innovantes qui repoussent les limites du possible au profit de nos clients.  <\/p>\n\n\n\n<div class=\"wp-block-buttons is-layout-flex wp-block-buttons-is-layout-flex\"><\/div>\n<\/div>\n<\/div>\n<\/div><\/div>\n<\/div>\n\n<\/div> \n\n<\/div> \n<\/div><\/div>\n\n<div class=\"wp-block-group alignwide has-global-padding is-layout-constrained wp-container-core-group-is-layout-5d186101 wp-block-group-is-layout-constrained\" style=\"margin-bottom:var(--wp--preset--spacing--60);padding-right:var(--wp--preset--spacing--30);padding-left:var(--wp--preset--spacing--30)\">\n<div class=\"wp-block-columns alignwide is-layout-flex wp-container-core-columns-is-layout-fff3c045 wp-block-columns-is-layout-flex\" style=\"padding-right:0;padding-left:0\">\n<div class=\"wp-block-column is-layout-flow wp-block-column-is-layout-flow\"><a href=\"https:\/\/acsys.wp3.visual4.com\/\/insights\/ultra-short-pulse-laser-uspl-eine-neue-dimension-der-praezisionsbearbeitung\/\"   class=\"linkgroup-no-hover wp-block-tiptip-hyperlink-group-block\" >\n<figure class=\"wp-block-image size-large\"><img loading=\"lazy\" decoding=\"async\" width=\"1024\" height=\"794\" src=\"https:\/\/acsys.wp3.visual4.com\/\/wp-content\/uploads\/Laser_Sources_USPL-1024x794.webp\" alt=\"\" class=\"wp-image-3277\" style=\"aspect-ratio:3\/2;object-fit:cover\" srcset=\"https:\/\/acsys.wp3.visual4.com\/wp-content\/uploads\/Laser_Sources_USPL-1024x794.webp 1024w, https:\/\/acsys.wp3.visual4.com\/wp-content\/uploads\/Laser_Sources_USPL-300x232.webp 300w, https:\/\/acsys.wp3.visual4.com\/wp-content\/uploads\/Laser_Sources_USPL-768x595.webp 768w, https:\/\/acsys.wp3.visual4.com\/wp-content\/uploads\/Laser_Sources_USPL-1536x1190.webp 1536w, https:\/\/acsys.wp3.visual4.com\/wp-content\/uploads\/Laser_Sources_USPL-2048x1587.webp 2048w\" sizes=\"auto, (max-width: 1024px) 100vw, 1024px\" \/><\/figure>\n\n<h3 class=\"wp-block-heading has-contrast-color has-text-color has-link-color has-large-font-size wp-elements-7e6101b61a64eec25932d269315402a8\">Laser \u00e0 impulsions ultracourtes (UKP)<\/h3>\n\n<p class=\"has-contrast-color has-text-color has-link-color wp-elements-0f63c533683029e25cc613373cdaf5c5\">Les lasers \u00e0 impulsions ultracourtes d&rsquo;ACSYS ouvrent une nouvelle dimension dans l&rsquo;usinage de pr\u00e9cision. \u00c0 l&rsquo;aide d&rsquo;impulsions ultracourtes, il est possible de cr\u00e9er des structures tr\u00e8s fines sur presque tous les mat\u00e9riaux sans dommages thermiques notables. Et ce, avec une pr\u00e9cision en temps r\u00e9el jamais atteinte auparavant. En savoir plus sur les nombreuses applications de notre technologie UKP.<\/p>\n<\/a><\/div>\n\n\n\n<div class=\"wp-block-column is-layout-flow wp-block-column-is-layout-flow\"><a href=\"https:\/\/acsys.wp3.visual4.com\/\/insights\/large-field-removal-lackabtrag-auf-grossen-und-komplexen-bauteilen\/\"   class=\"linkgroup-no-hover wp-block-tiptip-hyperlink-group-block\" >\n<figure class=\"wp-block-image size-large\"><img loading=\"lazy\" decoding=\"async\" width=\"1024\" height=\"692\" src=\"https:\/\/acsys.wp3.visual4.com\/\/wp-content\/uploads\/ACSYS_Innovation_LFR-1024x692.webp\" alt=\"\" class=\"wp-image-3795\" style=\"aspect-ratio:3\/2;object-fit:cover\" srcset=\"https:\/\/acsys.wp3.visual4.com\/wp-content\/uploads\/ACSYS_Innovation_LFR-1024x692.webp 1024w, https:\/\/acsys.wp3.visual4.com\/wp-content\/uploads\/ACSYS_Innovation_LFR-300x203.webp 300w, https:\/\/acsys.wp3.visual4.com\/wp-content\/uploads\/ACSYS_Innovation_LFR-768x519.webp 768w, https:\/\/acsys.wp3.visual4.com\/wp-content\/uploads\/ACSYS_Innovation_LFR-1536x1038.webp 1536w, https:\/\/acsys.wp3.visual4.com\/wp-content\/uploads\/ACSYS_Innovation_LFR-jpg.webp 2048w\" sizes=\"auto, (max-width: 1024px) 100vw, 1024px\" \/><\/figure>\n\n<h3 class=\"wp-block-heading has-contrast-color has-text-color has-link-color has-large-font-size wp-elements-15d64b09060a1529e686173db5b4407e\">Enl\u00e8vement de grand champ (LFR)<\/h3>\n\n<p class=\"has-contrast-color has-text-color has-link-color wp-elements-988de929f7f8a6576c088ce9d33d18d5\">La technologie avanc\u00e9e Large Field Removal (LFR) permet d&rsquo;enlever des mat\u00e9riaux sans amorce sur de grandes surfaces. La technologie innovante ACSYS LFR associe une grande pr\u00e9cision \u00e0 un usinage rapide et ouvre de nouveaux horizons pour la conception de produits, de composants et d&rsquo;\u00e9l\u00e9ments de design qui r\u00e9pondent aux exigences les plus \u00e9lev\u00e9es en mati\u00e8re d&rsquo;esth\u00e9tique et de qualit\u00e9.<\/p>\n<\/a><\/div>\n\n\n\n<div class=\"wp-block-column is-layout-flow wp-block-column-is-layout-flow\"><a href=\"https:\/\/acsys.wp3.visual4.com\/\/branche\/muenzen-druckerzeugnisse\/\"   class=\"linkgroup-no-hover wp-block-tiptip-hyperlink-group-block\" >\n<figure class=\"wp-block-image size-large\"><img loading=\"lazy\" decoding=\"async\" width=\"1024\" height=\"692\" src=\"https:\/\/acsys.wp3.visual4.com\/\/wp-content\/uploads\/ACSYS_unternehmen_innovation_PulseForging-1024x692.webp\" alt=\"\" class=\"wp-image-3413\" style=\"aspect-ratio:3\/2;object-fit:cover\" srcset=\"https:\/\/acsys.wp3.visual4.com\/wp-content\/uploads\/ACSYS_unternehmen_innovation_PulseForging-1024x692.webp 1024w, https:\/\/acsys.wp3.visual4.com\/wp-content\/uploads\/ACSYS_unternehmen_innovation_PulseForging-300x203.webp 300w, https:\/\/acsys.wp3.visual4.com\/wp-content\/uploads\/ACSYS_unternehmen_innovation_PulseForging-768x519.webp 768w, https:\/\/acsys.wp3.visual4.com\/wp-content\/uploads\/ACSYS_unternehmen_innovation_PulseForging-1536x1038.webp 1536w, https:\/\/acsys.wp3.visual4.com\/wp-content\/uploads\/ACSYS_unternehmen_innovation_PulseForging-jpg.webp 2048w\" sizes=\"auto, (max-width: 1024px) 100vw, 1024px\" \/><\/figure>\n\n<h3 class=\"wp-block-heading has-contrast-color has-text-color has-link-color has-large-font-size wp-elements-6dc6c72659d5bc421935227d6d9eca30\">Forgeage par impulsions<\/h3>\n\n<p class=\"has-contrast-color has-text-color has-link-color wp-elements-d0dae6b5d31791d0ff824064542b8f69\">Le forgeage par impulsions r\u00e9volutionne le traitement des mat\u00e9riaux gr\u00e2ce \u00e0 l&rsquo;application d&rsquo;une \u00e9nergie cibl\u00e9e. Cette technologie innovante permet de polir les m\u00e9taux au laser \u00e0 un niveau microscopique. D\u00e9couvrez les avantages du forgeage par impulsions pour l&rsquo;usinage de pi\u00e8ces et de composants de haute qualit\u00e9 dans les domaines d&rsquo;application les plus divers.<\/p>\n<\/a><\/div>\n<\/div>\n<\/div>\n\n<div class=\"wp-block-group alignfull is-style-default has-global-padding is-layout-constrained wp-block-group-is-layout-constrained\">\n<h2 class=\"wp-block-heading has-text-align-center\" style=\"margin-top:0;margin-bottom:var(--wp--preset--spacing--40)\">Succ\u00e8s d&rsquo;ing\u00e9nierie \u00ab\u00a0Made by ACSYS<\/h2>\n\n\n\n\n<div id=\"gallery-block_72d201acfee890504c20a22be9cd3647\" class=\"wp-block-visual4-gallery v4-gallery\" data-autoplay=\"false\">\n\n    \n    \n\n    \n\n\n<\/div>\n<\/div>\n\n<div style=\"height:7rem\" aria-hidden=\"true\" class=\"wp-block-spacer hide-on-mobile\"><\/div>\n        <div id=\"contact-person-\" class=\"wp-block-visual4-contact-person wp-block-visual4-contact-person--cropped-portrait alignfull\">\r\n        <div class=\"wp-block-group alignfull is-style-overlapping-behind has-global-padding is-layout-constrained wp-block-group-is-layout-constrained\">\n    <div class=\"wp-block-group alignfull is-style-mask-top has-secondary-background-color has-background has-global-padding is-layout-constrained wp-block-group-is-layout-constrained\">\n        <div class=\"wp-block-columns alignfull is-layout-flex wp-container-core-columns-is-layout-4 wp-block-columns-is-layout-flex\">\n            <div class=\"wp-block-column is-vertically-aligned-bottom has-global-padding is-content-justification-right is-layout-constrained wp-container-core-column-is-layout-7 wp-block-column-is-layout-constrained\">\n                <div class=\"wp-block-group has-global-padding is-layout-constrained wp-block-group-is-layout-constrained\" style=\"margin-top:var(--wp--preset--spacing--70);margin-bottom:0\">\n                    <figure class=\"wp-block-image alignright size-full\"><img loading=\"lazy\" decoding=\"async\" width=\"2048\" height=\"1384\" src=\"https:\/\/acsys.wp3.visual4.com\/wp-content\/uploads\/Fraundorfer_Stefan_ACSYS_AT_Ansprechpartner_iso_2048_1384-1.png\" class=\"attachment-full size-full\" alt=\"\" srcset=\"https:\/\/acsys.wp3.visual4.com\/wp-content\/uploads\/Fraundorfer_Stefan_ACSYS_AT_Ansprechpartner_iso_2048_1384-1.png 2048w, https:\/\/acsys.wp3.visual4.com\/wp-content\/uploads\/Fraundorfer_Stefan_ACSYS_AT_Ansprechpartner_iso_2048_1384-1-300x203.png 300w, https:\/\/acsys.wp3.visual4.com\/wp-content\/uploads\/Fraundorfer_Stefan_ACSYS_AT_Ansprechpartner_iso_2048_1384-1-1024x692.png 1024w, https:\/\/acsys.wp3.visual4.com\/wp-content\/uploads\/Fraundorfer_Stefan_ACSYS_AT_Ansprechpartner_iso_2048_1384-1-768x519.png 768w, https:\/\/acsys.wp3.visual4.com\/wp-content\/uploads\/Fraundorfer_Stefan_ACSYS_AT_Ansprechpartner_iso_2048_1384-1-1536x1038.png 1536w\" sizes=\"auto, (max-width: 2048px) 100vw, 2048px\" \/><\/figure>\n                <\/div>\n            <\/div>\n            <div class=\"wp-block-column is-vertically-aligned-center is-layout-flow wp-block-column-is-layout-flow\">\n                <div class=\"wp-block-group wp-block-visual4-contact-person-data is-vertical is-layout-flex wp-container-core-group-is-layout-50 wp-block-group-is-layout-flex\" style=\"align-items:flex-start;gap:0; padding-top:var(--wp--preset--spacing--50);padding-right:var(--wp--preset--spacing--50);padding-bottom:var(--wp--preset--spacing--50);padding-left:var(--wp--preset--spacing--50)\">\n                    <h3 class=\"wp-block-heading\" style=\"font-style:normal;font-weight:100\">Votre expert en laser ACSYS<\/h3>\n                    <p class=\"has-x-large-font-size\" style=\"margin-bottom:var(--wp--preset--spacing--20)\">Vous avez des questions?<br \/>\r\nJe suis \u00e0 votre disposition.<\/p>\n                    <p style=\"font-style:normal;font-weight:500\">Stefan Fraundorfer<\/p>\n                                            <p style=\"margin-bottom:var(--wp--preset--spacing--20)\">Responsable commercial<\/p>\n                                        <p><strong>Telefon: <\/strong><a href=\"tel:+43 664 9170070\">+43 664 9170070<\/a><\/p>\n                    <p><strong>E-Mail: <\/strong><a href=\"mailto:s.fraundorfer@acsys.at\">s.fraundorfer@acsys.at<\/a><\/p>\n                <\/div>\n            <\/div>\n        <\/div>\n    <\/div>\n<\/div>        <\/div>","protected":false},"excerpt":{"rendered":"<p>Succ\u00e8s d&rsquo;ing\u00e9nierie \u00ab\u00a0Made by ACSYS<\/p>\n","protected":false},"author":2,"featured_media":0,"parent":10291,"menu_order":3,"comment_status":"closed","ping_status":"closed","template":"","meta":{"_acf_changed":false,"inline_featured_image":false,"footnotes":""},"industry":[],"process":[],"class_list":["post-10346","page","type-page","status-publish","hentry"],"acf":[],"yoast_head":"<!-- This site is optimized with the Yoast SEO plugin v23.0 - https:\/\/yoast.com\/wordpress\/plugins\/seo\/ -->\n<title>Ing\u00e9nierie - ACSYS Lasertechnik GmbH<\/title>\n<meta name=\"description\" content=\"Solutions et technologies d&#039;ing\u00e9nierie innovantes d&#039;ACSYS pour un usinage laser avanc\u00e9 de haute pr\u00e9cision.\" \/>\n<meta name=\"robots\" content=\"index, follow, max-snippet:-1, max-image-preview:large, max-video-preview:-1\" \/>\n<link rel=\"canonical\" href=\"https:\/\/acsys.wp3.visual4.com\/fr\/solutions\/ingenierie\/\" \/>\n<meta property=\"og:locale\" content=\"fr_FR\" \/>\n<meta property=\"og:type\" content=\"article\" \/>\n<meta property=\"og:title\" content=\"Ing\u00e9nierie - ACSYS Lasertechnik GmbH\" \/>\n<meta property=\"og:description\" content=\"Solutions et technologies d&#039;ing\u00e9nierie innovantes d&#039;ACSYS pour un usinage laser avanc\u00e9 de haute pr\u00e9cision.\" \/>\n<meta property=\"og:url\" content=\"https:\/\/acsys.wp3.visual4.com\/fr\/solutions\/ingenierie\/\" \/>\n<meta property=\"og:site_name\" content=\"ACSYS Lasertechnik GmbH\" \/>\n<meta property=\"article:modified_time\" content=\"2024-06-12T13:24:35+00:00\" \/>\n<meta property=\"og:image\" content=\"https:\/\/acsys.wp3.visual4.com\/\/wp-content\/uploads\/ACSYS_Engineering_header-2.jpg\" \/>\n<meta name=\"twitter:card\" content=\"summary_large_image\" \/>\n<meta name=\"twitter:label1\" content=\"Dur\u00e9e de lecture estim\u00e9e\" \/>\n\t<meta name=\"twitter:data1\" content=\"1 minute\" \/>\n<script type=\"application\/ld+json\" class=\"yoast-schema-graph\">{\"@context\":\"https:\/\/schema.org\",\"@graph\":[{\"@type\":\"WebPage\",\"@id\":\"https:\/\/acsys.wp3.visual4.com\/fr\/solutions\/ingenierie\/\",\"url\":\"https:\/\/acsys.wp3.visual4.com\/fr\/solutions\/ingenierie\/\",\"name\":\"Ing\u00e9nierie - ACSYS Lasertechnik GmbH\",\"isPartOf\":{\"@id\":\"https:\/\/acsys.wp3.visual4.com\/#website\"},\"primaryImageOfPage\":{\"@id\":\"https:\/\/acsys.wp3.visual4.com\/fr\/solutions\/ingenierie\/#primaryimage\"},\"image\":{\"@id\":\"https:\/\/acsys.wp3.visual4.com\/fr\/solutions\/ingenierie\/#primaryimage\"},\"thumbnailUrl\":\"https:\/\/acsys.wp3.visual4.com\/\/wp-content\/uploads\/ACSYS_Engineering_header-2.jpg\",\"datePublished\":\"2024-03-12T14:57:06+00:00\",\"dateModified\":\"2024-06-12T13:24:35+00:00\",\"description\":\"Solutions et technologies d'ing\u00e9nierie innovantes d'ACSYS pour un usinage laser avanc\u00e9 de haute pr\u00e9cision.\",\"breadcrumb\":{\"@id\":\"https:\/\/acsys.wp3.visual4.com\/fr\/solutions\/ingenierie\/#breadcrumb\"},\"inLanguage\":\"fr-FR\",\"potentialAction\":[{\"@type\":\"ReadAction\",\"target\":[\"https:\/\/acsys.wp3.visual4.com\/fr\/solutions\/ingenierie\/\"]}]},{\"@type\":\"ImageObject\",\"inLanguage\":\"fr-FR\",\"@id\":\"https:\/\/acsys.wp3.visual4.com\/fr\/solutions\/ingenierie\/#primaryimage\",\"url\":\"https:\/\/acsys.wp3.visual4.com\/\/wp-content\/uploads\/ACSYS_Engineering_header-2.jpg\",\"contentUrl\":\"https:\/\/acsys.wp3.visual4.com\/\/wp-content\/uploads\/ACSYS_Engineering_header-2.jpg\"},{\"@type\":\"BreadcrumbList\",\"@id\":\"https:\/\/acsys.wp3.visual4.com\/fr\/solutions\/ingenierie\/#breadcrumb\",\"itemListElement\":[{\"@type\":\"ListItem\",\"position\":1,\"name\":\"Startseite\",\"item\":\"https:\/\/acsys.wp3.visual4.com\/fr\/\"},{\"@type\":\"ListItem\",\"position\":2,\"name\":\"Solutions\",\"item\":\"https:\/\/acsys.wp3.visual4.com\/fr\/solutions\/\"},{\"@type\":\"ListItem\",\"position\":3,\"name\":\"Ing\u00e9nierie\"}]},{\"@type\":\"WebSite\",\"@id\":\"https:\/\/acsys.wp3.visual4.com\/#website\",\"url\":\"https:\/\/acsys.wp3.visual4.com\/\",\"name\":\"ACSYS Lasertechnik GmbH\",\"description\":\"\",\"publisher\":{\"@id\":\"https:\/\/acsys.wp3.visual4.com\/#organization\"},\"potentialAction\":[{\"@type\":\"SearchAction\",\"target\":{\"@type\":\"EntryPoint\",\"urlTemplate\":\"https:\/\/acsys.wp3.visual4.com\/?s={search_term_string}\"},\"query-input\":\"required name=search_term_string\"}],\"inLanguage\":\"fr-FR\"},{\"@type\":\"Organization\",\"@id\":\"https:\/\/acsys.wp3.visual4.com\/#organization\",\"name\":\"ACSYS Lasertechnik GmbH\",\"url\":\"https:\/\/acsys.wp3.visual4.com\/\",\"logo\":{\"@type\":\"ImageObject\",\"inLanguage\":\"fr-FR\",\"@id\":\"https:\/\/acsys.wp3.visual4.com\/#\/schema\/logo\/image\/\",\"url\":\"https:\/\/acsys.wp3.visual4.com\/wp-content\/uploads\/Logo_Acsys-Lasersysteme.png\",\"contentUrl\":\"https:\/\/acsys.wp3.visual4.com\/wp-content\/uploads\/Logo_Acsys-Lasersysteme.png\",\"width\":957,\"height\":192,\"caption\":\"ACSYS Lasertechnik GmbH\"},\"image\":{\"@id\":\"https:\/\/acsys.wp3.visual4.com\/#\/schema\/logo\/image\/\"}}]}<\/script>\n<!-- \/ Yoast SEO plugin. -->","yoast_head_json":{"title":"Ing\u00e9nierie - ACSYS Lasertechnik GmbH","description":"Solutions et technologies d'ing\u00e9nierie innovantes d'ACSYS pour un usinage laser avanc\u00e9 de haute pr\u00e9cision.","robots":{"index":"index","follow":"follow","max-snippet":"max-snippet:-1","max-image-preview":"max-image-preview:large","max-video-preview":"max-video-preview:-1"},"canonical":"https:\/\/acsys.wp3.visual4.com\/fr\/solutions\/ingenierie\/","og_locale":"fr_FR","og_type":"article","og_title":"Ing\u00e9nierie - ACSYS Lasertechnik GmbH","og_description":"Solutions et technologies d'ing\u00e9nierie innovantes d'ACSYS pour un usinage laser avanc\u00e9 de haute pr\u00e9cision.","og_url":"https:\/\/acsys.wp3.visual4.com\/fr\/solutions\/ingenierie\/","og_site_name":"ACSYS Lasertechnik GmbH","article_modified_time":"2024-06-12T13:24:35+00:00","og_image":[{"url":"https:\/\/acsys.wp3.visual4.com\/\/wp-content\/uploads\/ACSYS_Engineering_header-2.jpg"}],"twitter_card":"summary_large_image","twitter_misc":{"Dur\u00e9e de lecture estim\u00e9e":"1 minute"},"schema":{"@context":"https:\/\/schema.org","@graph":[{"@type":"WebPage","@id":"https:\/\/acsys.wp3.visual4.com\/fr\/solutions\/ingenierie\/","url":"https:\/\/acsys.wp3.visual4.com\/fr\/solutions\/ingenierie\/","name":"Ing\u00e9nierie - ACSYS Lasertechnik GmbH","isPartOf":{"@id":"https:\/\/acsys.wp3.visual4.com\/#website"},"primaryImageOfPage":{"@id":"https:\/\/acsys.wp3.visual4.com\/fr\/solutions\/ingenierie\/#primaryimage"},"image":{"@id":"https:\/\/acsys.wp3.visual4.com\/fr\/solutions\/ingenierie\/#primaryimage"},"thumbnailUrl":"https:\/\/acsys.wp3.visual4.com\/\/wp-content\/uploads\/ACSYS_Engineering_header-2.jpg","datePublished":"2024-03-12T14:57:06+00:00","dateModified":"2024-06-12T13:24:35+00:00","description":"Solutions et technologies d'ing\u00e9nierie innovantes d'ACSYS pour un usinage laser avanc\u00e9 de haute pr\u00e9cision.","breadcrumb":{"@id":"https:\/\/acsys.wp3.visual4.com\/fr\/solutions\/ingenierie\/#breadcrumb"},"inLanguage":"fr-FR","potentialAction":[{"@type":"ReadAction","target":["https:\/\/acsys.wp3.visual4.com\/fr\/solutions\/ingenierie\/"]}]},{"@type":"ImageObject","inLanguage":"fr-FR","@id":"https:\/\/acsys.wp3.visual4.com\/fr\/solutions\/ingenierie\/#primaryimage","url":"https:\/\/acsys.wp3.visual4.com\/\/wp-content\/uploads\/ACSYS_Engineering_header-2.jpg","contentUrl":"https:\/\/acsys.wp3.visual4.com\/\/wp-content\/uploads\/ACSYS_Engineering_header-2.jpg"},{"@type":"BreadcrumbList","@id":"https:\/\/acsys.wp3.visual4.com\/fr\/solutions\/ingenierie\/#breadcrumb","itemListElement":[{"@type":"ListItem","position":1,"name":"Startseite","item":"https:\/\/acsys.wp3.visual4.com\/fr\/"},{"@type":"ListItem","position":2,"name":"Solutions","item":"https:\/\/acsys.wp3.visual4.com\/fr\/solutions\/"},{"@type":"ListItem","position":3,"name":"Ing\u00e9nierie"}]},{"@type":"WebSite","@id":"https:\/\/acsys.wp3.visual4.com\/#website","url":"https:\/\/acsys.wp3.visual4.com\/","name":"ACSYS Lasertechnik GmbH","description":"","publisher":{"@id":"https:\/\/acsys.wp3.visual4.com\/#organization"},"potentialAction":[{"@type":"SearchAction","target":{"@type":"EntryPoint","urlTemplate":"https:\/\/acsys.wp3.visual4.com\/?s={search_term_string}"},"query-input":"required name=search_term_string"}],"inLanguage":"fr-FR"},{"@type":"Organization","@id":"https:\/\/acsys.wp3.visual4.com\/#organization","name":"ACSYS Lasertechnik GmbH","url":"https:\/\/acsys.wp3.visual4.com\/","logo":{"@type":"ImageObject","inLanguage":"fr-FR","@id":"https:\/\/acsys.wp3.visual4.com\/#\/schema\/logo\/image\/","url":"https:\/\/acsys.wp3.visual4.com\/wp-content\/uploads\/Logo_Acsys-Lasersysteme.png","contentUrl":"https:\/\/acsys.wp3.visual4.com\/wp-content\/uploads\/Logo_Acsys-Lasersysteme.png","width":957,"height":192,"caption":"ACSYS Lasertechnik GmbH"},"image":{"@id":"https:\/\/acsys.wp3.visual4.com\/#\/schema\/logo\/image\/"}}]}},"_links":{"self":[{"href":"https:\/\/acsys.wp3.visual4.com\/fr\/wp-json\/wp\/v2\/pages\/10346","targetHints":{"allow":["GET"]}}],"collection":[{"href":"https:\/\/acsys.wp3.visual4.com\/fr\/wp-json\/wp\/v2\/pages"}],"about":[{"href":"https:\/\/acsys.wp3.visual4.com\/fr\/wp-json\/wp\/v2\/types\/page"}],"author":[{"embeddable":true,"href":"https:\/\/acsys.wp3.visual4.com\/fr\/wp-json\/wp\/v2\/users\/2"}],"replies":[{"embeddable":true,"href":"https:\/\/acsys.wp3.visual4.com\/fr\/wp-json\/wp\/v2\/comments?post=10346"}],"version-history":[{"count":1,"href":"https:\/\/acsys.wp3.visual4.com\/fr\/wp-json\/wp\/v2\/pages\/10346\/revisions"}],"predecessor-version":[{"id":10351,"href":"https:\/\/acsys.wp3.visual4.com\/fr\/wp-json\/wp\/v2\/pages\/10346\/revisions\/10351"}],"up":[{"embeddable":true,"href":"https:\/\/acsys.wp3.visual4.com\/fr\/wp-json\/wp\/v2\/pages\/10291"}],"wp:attachment":[{"href":"https:\/\/acsys.wp3.visual4.com\/fr\/wp-json\/wp\/v2\/media?parent=10346"}],"wp:term":[{"taxonomy":"industry","embeddable":true,"href":"https:\/\/acsys.wp3.visual4.com\/fr\/wp-json\/wp\/v2\/industry?post=10346"},{"taxonomy":"process","embeddable":true,"href":"https:\/\/acsys.wp3.visual4.com\/fr\/wp-json\/wp\/v2\/process?post=10346"}],"curies":[{"name":"wp","href":"https:\/\/api.w.org\/{rel}","templated":true}]}}