{"id":10342,"date":"2024-02-28T17:15:44","date_gmt":"2024-02-28T16:15:44","guid":{"rendered":"https:\/\/acsyslaser.com\/solutions\/precision\/"},"modified":"2024-06-17T14:07:47","modified_gmt":"2024-06-17T12:07:47","slug":"precision","status":"publish","type":"page","link":"https:\/\/acsys.wp3.visual4.com\/fr\/solutions\/precision\/","title":{"rendered":"Pr\u00e9cision"},"content":{"rendered":"\n<div class=\"wp-block-group alignfull has-global-padding is-layout-constrained wp-block-group-is-layout-constrained\" style=\"margin-top:0;margin-bottom:var(--wp--preset--spacing--70)\">\n<div id=\"v4-cover-slider\" class=\"wp-block-visual4-cover-slider alignfull\" data-autoplay=\"false\">\n\n    \n    <div class=\"wp-block-visual4-cover-slider-slides v4-cover-slider-slides\">\n\n<div class=\"wp-block-visual4-cover-slider-slides-item is-style-mask-bottom\">\n\n<div class=\"wp-block-group alignfull is-layout-flow wp-block-group-is-layout-flow\">\n<div class=\"wp-block-cover\" style=\"padding-top:var(--wp--preset--spacing--60);padding-right:var(--wp--preset--spacing--60);padding-bottom:var(--wp--preset--spacing--60);padding-left:var(--wp--preset--spacing--60);min-height:80vh;aspect-ratio:unset;\"><span aria-hidden=\"true\" class=\"wp-block-cover__background has-background-dim-10 has-background-dim\" style=\"background-color:#6b7787\"><\/span><img loading=\"lazy\" decoding=\"async\" width=\"2048\" height=\"1384\" class=\"wp-block-cover__image-background wp-image-1704\" alt=\"\" src=\"https:\/\/acsys.wp3.visual4.com\/\/wp-content\/uploads\/ACSYS_Optionen_Kreuztisch_P3_Mupaket.png\" data-object-fit=\"cover\" srcset=\"https:\/\/acsys.wp3.visual4.com\/wp-content\/uploads\/ACSYS_Optionen_Kreuztisch_P3_Mupaket.png 2048w, https:\/\/acsys.wp3.visual4.com\/wp-content\/uploads\/ACSYS_Optionen_Kreuztisch_P3_Mupaket-300x203.png 300w, https:\/\/acsys.wp3.visual4.com\/wp-content\/uploads\/ACSYS_Optionen_Kreuztisch_P3_Mupaket-1024x692.png 1024w, https:\/\/acsys.wp3.visual4.com\/wp-content\/uploads\/ACSYS_Optionen_Kreuztisch_P3_Mupaket-768x519.png 768w, https:\/\/acsys.wp3.visual4.com\/wp-content\/uploads\/ACSYS_Optionen_Kreuztisch_P3_Mupaket-1536x1038.png 1536w\" sizes=\"auto, (max-width: 2048px) 100vw, 2048px\" \/><div class=\"wp-block-cover__inner-container is-layout-flow wp-block-cover-is-layout-flow\">\n<div class=\"wp-block-group is-nowrap is-layout-flex wp-container-core-group-is-layout-6c531013 wp-block-group-is-layout-flex\">\n<div class=\"wp-block-group has-tertiary-transparent-background-color has-background has-global-padding is-layout-constrained wp-container-core-group-is-layout-ebfeba3a wp-block-group-is-layout-constrained\" style=\"margin-bottom:var(--wp--preset--spacing--70);padding-top:var(--wp--preset--spacing--30);padding-right:var(--wp--preset--spacing--30);padding-bottom:var(--wp--preset--spacing--30);padding-left:var(--wp--preset--spacing--30)\">\n<h1 class=\"wp-block-heading\" style=\"margin-bottom:0\">La pr\u00e9cision qui fait la diff\u00e9rence : <strong>ACSYS \u00b5<\/strong><\/h1>\n\n\n\n<p class=\"has-large-font-size\" style=\"margin-bottom:var(--wp--preset--spacing--20)\">Les syst\u00e8mes laser ACSYS \u00b5 ouvrent une nouvelle dimension dans l&rsquo;usinage de pr\u00e9cision<\/p>\n\n\n\n<p>Les installations de la gamme \u00b5 sont \u00e9quip\u00e9es d&rsquo;un design en granit \u00e0 faible vibration et \u00e0 temp\u00e9rature stable. Associ\u00e9 \u00e0 des entra\u00eenements lin\u00e9aires sur les axes X et Y, cela assure une pr\u00e9cision maximale pour les processus n\u00e9cessitant un temps d&rsquo;usinage long et une r\u00e9p\u00e9tabilit\u00e9 \u00e9lev\u00e9e.<\/p>\n\n\n\n<div class=\"wp-block-buttons is-layout-flex wp-block-buttons-is-layout-flex\">\n<div class=\"wp-block-button\"><a class=\"wp-block-button__link wp-element-button\" href=\"https:\/\/acsys.wp3.visual4.com\/fr\/produits\/?series=precision\">D\u00e9couvrir la gamme ACSYS \u00b5<\/a><\/div>\n<\/div>\n<\/div>\n<\/div>\n<\/div><\/div>\n<\/div>\n\n<\/div> \n\n<\/div> \n<\/div><\/div>\n\n<div class=\"wp-block-group alignwide has-global-padding is-layout-constrained wp-container-core-group-is-layout-ff778368 wp-block-group-is-layout-constrained\" style=\"padding-right:var(--wp--preset--spacing--30);padding-left:var(--wp--preset--spacing--30)\">\n<h1 class=\"wp-block-heading alignwide has-text-align-center not-centered-on-mobile\">La micropr\u00e9cision red\u00e9finie :  <br\/><small>Usinage laser pour les exigences les plus \u00e9lev\u00e9es<\/small><\/h1>\n\n\n\n<p class=\"has-text-align-center\">ACSYS \u00b5 est la formule gagnante pour l&rsquo;usinage laser de haute pr\u00e9cision en s\u00e9rie<\/p>\n\n\n\n<div class=\"wp-block-media-text alignwide has-media-on-the-right is-stacked-on-mobile is-vertically-aligned-top\" style=\"margin-top:var(--wp--preset--spacing--60);grid-template-columns:auto 34%\"><div class=\"wp-block-media-text__content\">\n<p style=\"margin-top:0;margin-bottom:0\">Mat\u00e9riel<\/p>\n\n\n\n<h3 class=\"wp-block-heading\" style=\"margin-top:0;margin-right:0;margin-bottom:0;margin-left:0\">La base en granit garantit la pr\u00e9cision<\/h3>\n\n\n\n<p>Faibles vibrations, stabilit\u00e9 thermique et absence d&rsquo;usure : tels sont les attributs de la structure de la machine <a href=\"#precision-laser-systems\">ACSYS \u00b5<\/a> en granit noir massif. La combinaison de la conception en granit et des entra\u00eenements lin\u00e9aires offre des avantages significatifs, en particulier dans le micro-usinage laser, o\u00f9 la pr\u00e9cision est essentielle. En particulier, les processus \u00e0 longue dur\u00e9e de vie et \u00e0 haute r\u00e9p\u00e9tabilit\u00e9 b\u00e9n\u00e9ficient de la base en granit qui offre le meilleur amortissement des vibrations, une faible conductivit\u00e9 thermique et un faible coefficient de dilatation. En outre, les syst\u00e8mes laser ACSYS en version \u00b5 sont dot\u00e9s de syst\u00e8mes de positionnement de haute pr\u00e9cision afin de garantir la plus grande exactitude possible.<\/p>\n<\/div><figure class=\"wp-block-media-text__media\"><img loading=\"lazy\" decoding=\"async\" width=\"1024\" height=\"692\" src=\"https:\/\/acsys.wp3.visual4.com\/\/wp-content\/uploads\/ACSYS_Optionen_Mupaket_Granit-1024x692.png\" alt=\"\" class=\"wp-image-1719 size-full\" srcset=\"https:\/\/acsys.wp3.visual4.com\/wp-content\/uploads\/ACSYS_Optionen_Mupaket_Granit-1024x692.png 1024w, https:\/\/acsys.wp3.visual4.com\/wp-content\/uploads\/ACSYS_Optionen_Mupaket_Granit-300x203.png 300w, https:\/\/acsys.wp3.visual4.com\/wp-content\/uploads\/ACSYS_Optionen_Mupaket_Granit-768x519.png 768w, https:\/\/acsys.wp3.visual4.com\/wp-content\/uploads\/ACSYS_Optionen_Mupaket_Granit-1536x1038.png 1536w, https:\/\/acsys.wp3.visual4.com\/wp-content\/uploads\/ACSYS_Optionen_Mupaket_Granit.png 2048w\" sizes=\"auto, (max-width: 1024px) 100vw, 1024px\" \/><\/figure><\/div>\n\n\n\n<div class=\"wp-block-media-text alignwide has-media-on-the-right is-stacked-on-mobile is-vertically-aligned-top\" style=\"padding-top:0;padding-bottom:0;grid-template-columns:auto 34%\"><div class=\"wp-block-media-text__content\">\n<p style=\"margin-top:0;margin-bottom:0\">Laser \u00e0 impulsions ultracourtes<\/p>\n\n\n\n<h3 class=\"wp-block-heading\" style=\"margin-top:0;margin-right:0;margin-bottom:0;margin-left:0\">Laser femtoseconde pour une pr\u00e9cision maximale<\/h3>\n\n\n\n<p>Les <a href=\"https:\/\/acsys.wp3.visual4.com\/\/ultra-short-pulse-laser-uspl-eine-neue-dimension-der-praezisionsbearbeitung\/\">lasers \u00e0 impulsions ultracourtes (USPL)<\/a> d&rsquo;ACSYS sont capables de traiter les mat\u00e9riaux avec une pr\u00e9cision exceptionnelle, ce qui permet de cr\u00e9er des structures et des d\u00e9tails tr\u00e8s fins. M\u00eame les structures 3D complexes peuvent \u00eatre r\u00e9alis\u00e9es de cette mani\u00e8re avec une pr\u00e9cision et une fiabilit\u00e9 maximales. Gr\u00e2ce aux impulsions laser ultracourtes, seule une faible quantit\u00e9 d&rsquo;\u00e9nergie est transmise \u00e0 la pi\u00e8ce, ce qui entra\u00eene un d\u00e9gagement de chaleur minimal. Cela permet d&rsquo;\u00e9viter de d\u00e9former ou d&rsquo;endommager le mat\u00e9riau. Il en r\u00e9sulte de nombreux domaines d&rsquo;application, allant de la microstructuration \u00e0 la d\u00e9coupe laser de pr\u00e9cision de mat\u00e9riaux difficiles \u00e0 traiter.<\/p>\n<\/div><figure class=\"wp-block-media-text__media\"><img loading=\"lazy\" decoding=\"async\" width=\"1024\" height=\"794\" src=\"https:\/\/acsys.wp3.visual4.com\/\/wp-content\/uploads\/Laser_Sources_USPL-1024x794.webp\" alt=\"\" class=\"wp-image-3277 size-full\" srcset=\"https:\/\/acsys.wp3.visual4.com\/wp-content\/uploads\/Laser_Sources_USPL-1024x794.webp 1024w, https:\/\/acsys.wp3.visual4.com\/wp-content\/uploads\/Laser_Sources_USPL-300x232.webp 300w, https:\/\/acsys.wp3.visual4.com\/wp-content\/uploads\/Laser_Sources_USPL-768x595.webp 768w, https:\/\/acsys.wp3.visual4.com\/wp-content\/uploads\/Laser_Sources_USPL-1536x1190.webp 1536w, https:\/\/acsys.wp3.visual4.com\/wp-content\/uploads\/Laser_Sources_USPL-2048x1587.webp 2048w\" sizes=\"auto, (max-width: 1024px) 100vw, 1024px\" \/><\/figure><\/div>\n\n\n\n<div class=\"wp-block-media-text alignwide has-media-on-the-right is-stacked-on-mobile is-vertically-aligned-top\" style=\"grid-template-columns:auto 34%\"><div class=\"wp-block-media-text__content\">\n<p style=\"margin-top:0;margin-bottom:0\">Logiciel<\/p>\n\n\n\n<h3 class=\"wp-block-heading\" style=\"margin-top:0;margin-right:0;margin-bottom:0;margin-left:0\">La perfection du laser gr\u00e2ce \u00e0 des outils intelligents<\/h3>\n\n\n\n<p>Dans le micro-usinage laser, le logiciel joue un r\u00f4le crucial pour contr\u00f4ler et surveiller les processus complexes. Chez ACSYS, vous b\u00e9n\u00e9ficiez d&rsquo;un d\u00e9veloppement logiciel en interne. Qu&rsquo;il s&rsquo;agisse du contr\u00f4le de haute pr\u00e9cision du faisceau laser, de la reconnaissance de g\u00e9om\u00e9tries complexes ou de fonctions et d&rsquo;interfaces personnalis\u00e9es, le logiciel propri\u00e9taire d&rsquo;ACSYS vous permet d&rsquo;exploiter pleinement le potentiel de vos syst\u00e8mes laser. Elle assure un suivi de l&rsquo;usinage en temps r\u00e9el et aide \u00e0 l&rsquo;usinage efficace et pr\u00e9cis avec une r\u00e9p\u00e9tabilit\u00e9 maximale gr\u00e2ce \u00e0 de nombreuses fonctions, caract\u00e9ristiques et interfaces sophistiqu\u00e9es.<\/p>\n<\/div><figure class=\"wp-block-media-text__media\"><img loading=\"lazy\" decoding=\"async\" width=\"1024\" height=\"794\" src=\"https:\/\/acsys.wp3.visual4.com\/\/wp-content\/uploads\/ACSYS_Praezision_Software.jpg\" alt=\"\" class=\"wp-image-6457 size-full\" srcset=\"https:\/\/acsys.wp3.visual4.com\/wp-content\/uploads\/ACSYS_Praezision_Software.jpg 1024w, https:\/\/acsys.wp3.visual4.com\/wp-content\/uploads\/ACSYS_Praezision_Software-300x233.jpg 300w, https:\/\/acsys.wp3.visual4.com\/wp-content\/uploads\/ACSYS_Praezision_Software-768x596.jpg 768w\" sizes=\"auto, (max-width: 1024px) 100vw, 1024px\" \/><\/figure><\/div>\n\n\n\n<div class=\"wp-block-media-text alignwide has-media-on-the-right is-stacked-on-mobile is-vertically-aligned-top\" style=\"grid-template-columns:auto 34%\"><div class=\"wp-block-media-text__content\">\n<p style=\"margin-top:0;margin-bottom:0\">Processus<\/p>\n\n\n\n<h3 class=\"wp-block-heading\" style=\"margin-top:0;margin-right:0;margin-bottom:0;margin-left:0\">Exp\u00e9rience, efficacit\u00e9, r\u00e9sultats<\/h3>\n\n\n\n<p>Avec l&rsquo;exp\u00e9rience de plus de 2 000 syst\u00e8mes laser sur <a href=\"https:\/\/acsys.wp3.visual4.com\/fr\/secteurs-dactivite\/\">diff\u00e9rents march\u00e9s dans le monde<\/a>, nous savons qu&rsquo;il ne suffit pas de r\u00e9gler la puissance du laser, l&rsquo;\u00e9nergie des impulsions, la fr\u00e9quence des impulsions, la vitesse de balayage et la taille du foyer. C&rsquo;est pourquoi nos experts disposent d&rsquo;un savoir-faire sp\u00e9cifique \u00e0 l&rsquo;industrie, que nous mettons au service de votre projet gr\u00e2ce \u00e0 nos comp\u00e9tences en mati\u00e8re de laser ACSYS et \u00e0 nos ann\u00e9es d&rsquo;exp\u00e9rience. Pour cela, nous travaillons en \u00e9troite collaboration avec vous afin de comprendre vos processus et d&rsquo;obtenir les r\u00e9sultats que vous souhaitez. Il en r\u00e9sulte <a href=\"https:\/\/acsys.wp3.visual4.com\/fr\/produits\/custom\/\">des solutions sur mesure<\/a> qui allient une pr\u00e9cision maximale et une efficacit\u00e9 optimis\u00e9e dans l&rsquo;usinage laser.<\/p>\n<\/div><figure class=\"wp-block-media-text__media\"><img loading=\"lazy\" decoding=\"async\" width=\"1024\" height=\"794\" src=\"https:\/\/acsys.wp3.visual4.com\/\/wp-content\/uploads\/ACSYS_praezision_prozess.jpg\" alt=\"\" class=\"wp-image-6459 size-full\" srcset=\"https:\/\/acsys.wp3.visual4.com\/wp-content\/uploads\/ACSYS_praezision_prozess.jpg 1024w, https:\/\/acsys.wp3.visual4.com\/wp-content\/uploads\/ACSYS_praezision_prozess-300x233.jpg 300w, https:\/\/acsys.wp3.visual4.com\/wp-content\/uploads\/ACSYS_praezision_prozess-768x596.jpg 768w\" sizes=\"auto, (max-width: 1024px) 100vw, 1024px\" \/><\/figure><\/div>\n<\/div>\n\n<div id=\"precision-laser-systems\" class=\"wp-block-group has-global-padding is-layout-constrained wp-block-group-is-layout-constrained\" style=\"margin-top:var(--wp--preset--spacing--60);margin-bottom:0\">\n<div class=\"wp-block-group alignfull has-global-padding is-layout-constrained wp-container-core-group-is-layout-be60583d wp-block-group-is-layout-constrained\" style=\"margin-bottom:var(--wp--preset--spacing--50);padding-right:var(--wp--preset--spacing--30);padding-left:var(--wp--preset--spacing--30)\">\n<h2 class=\"wp-block-heading has-text-align-center\" style=\"margin-top:var(--wp--preset--spacing--50)\">ACSYS \u00b5 Syst\u00e8mes laser<\/h2>\n\n\n\n<p class=\"has-text-align-center\">Technologie laser de haute pr\u00e9cision pour graver, marquer, structurer, souder et d\u00e9couper<\/p>\n<\/div>\n\n\n\n\n<div id=\"gallery-block_09bc619c3122e8041fa39aee81b67608\" class=\"wp-block-visual4-gallery v4-gallery\" data-autoplay=\"false\">\n\n    \n    \n<\/div>\n<\/div>\n\n<div class=\"wp-block-group alignfull is-style-overlapping-behind has-global-padding is-layout-constrained wp-container-core-group-is-layout-3730fa20 wp-block-group-is-layout-constrained\" style=\"margin-bottom:var(--wp--preset--spacing--60);padding-top:0;padding-right:0;padding-bottom:0;padding-left:0\">\n<div class=\"wp-block-group alignfull is-style-mask-top has-secondary-background-color has-background has-global-padding is-layout-constrained wp-block-group-is-layout-constrained\" style=\"margin-top:0;margin-bottom:0;padding-top:var(--wp--preset--spacing--70)\"><\/div>\n\n\n\n<div class=\"wp-block-group alignfull is-style-default has-secondary-background-color has-background has-global-padding is-layout-constrained wp-container-core-group-is-layout-9eb6751a wp-block-group-is-layout-constrained\" style=\"margin-top:0;margin-bottom:0;padding-top:var(--wp--preset--spacing--50);padding-right:var(--wp--preset--spacing--30);padding-bottom:var(--wp--preset--spacing--50);padding-left:var(--wp--preset--spacing--30)\">\n<h2 class=\"wp-block-heading has-text-align-center\">Vous voulez quelque chose de plus ?<\/h2>\n\n\n\n<p class=\"has-text-align-center\">Vous avez besoin de plus de pr\u00e9cision, de processus automatis\u00e9s ou d&rsquo;une connexion \u00e0 votre syst\u00e8me ERP ? Pas de probl\u00e8me. Les syst\u00e8mes laser ACSYS permettent presque toujours de r\u00e9aliser des adaptations sp\u00e9cifiques au client.<\/p>\n\n\n\n<div class=\"wp-block-buttons is-content-justification-center is-layout-flex wp-container-core-buttons-is-layout-a89b3969 wp-block-buttons-is-layout-flex\">\n<div class=\"wp-block-button\"><a class=\"wp-block-button__link wp-element-button\" href=\"https:\/\/acsys.wp3.visual4.com\/fr\/contact\/\">Contacter nos experts<\/a><\/div>\n<\/div>\n<\/div>\n<\/div>\n","protected":false},"excerpt":{"rendered":"<p>La micropr\u00e9cision red\u00e9finie : Usinage laser pour les exigences les plus \u00e9lev\u00e9es ACSYS \u00b5 est la formule gagnante pour l&rsquo;usinage laser de haute pr\u00e9cision en&#8230;<\/p>\n","protected":false},"author":2,"featured_media":0,"parent":10291,"menu_order":1,"comment_status":"closed","ping_status":"closed","template":"","meta":{"_acf_changed":false,"inline_featured_image":false,"footnotes":""},"industry":[],"process":[],"class_list":["post-10342","page","type-page","status-publish","hentry"],"acf":[],"yoast_head":"<!-- This site is optimized with the Yoast SEO plugin v23.0 - https:\/\/yoast.com\/wordpress\/plugins\/seo\/ -->\n<title>Pr\u00e9cision - ACSYS Lasertechnik GmbH<\/title>\n<meta name=\"description\" content=\"Les syst\u00e8mes laser ACSYS \u00b5 donnent le ton en mati\u00e8re de pr\u00e9cision laser : avec un design en granit, un entra\u00eenement lin\u00e9aire, un laser \u00e0 impulsions ultracourtes et un logiciel adapt\u00e9.\" \/>\n<meta name=\"robots\" content=\"index, follow, max-snippet:-1, max-image-preview:large, max-video-preview:-1\" \/>\n<link rel=\"canonical\" href=\"https:\/\/acsys.wp3.visual4.com\/fr\/solutions\/precision\/\" \/>\n<meta property=\"og:locale\" content=\"fr_FR\" \/>\n<meta property=\"og:type\" content=\"article\" \/>\n<meta property=\"og:title\" content=\"Pr\u00e9cision - ACSYS Lasertechnik GmbH\" \/>\n<meta property=\"og:description\" content=\"Les syst\u00e8mes laser ACSYS \u00b5 donnent le ton en mati\u00e8re de pr\u00e9cision laser : avec un design en granit, un entra\u00eenement lin\u00e9aire, un laser \u00e0 impulsions ultracourtes et un logiciel adapt\u00e9.\" \/>\n<meta property=\"og:url\" content=\"https:\/\/acsys.wp3.visual4.com\/fr\/solutions\/precision\/\" \/>\n<meta property=\"og:site_name\" content=\"ACSYS Lasertechnik GmbH\" \/>\n<meta property=\"article:modified_time\" content=\"2024-06-17T12:07:47+00:00\" \/>\n<meta property=\"og:image\" content=\"https:\/\/acsys.wp3.visual4.com\/\/wp-content\/uploads\/ACSYS_Optionen_Kreuztisch_P3_Mupaket.png\" \/>\n<meta name=\"twitter:card\" content=\"summary_large_image\" \/>\n<meta name=\"twitter:label1\" content=\"Dur\u00e9e de lecture estim\u00e9e\" \/>\n\t<meta name=\"twitter:data1\" content=\"8 minutes\" \/>\n<script type=\"application\/ld+json\" class=\"yoast-schema-graph\">{\"@context\":\"https:\/\/schema.org\",\"@graph\":[{\"@type\":\"WebPage\",\"@id\":\"https:\/\/acsys.wp3.visual4.com\/fr\/solutions\/precision\/\",\"url\":\"https:\/\/acsys.wp3.visual4.com\/fr\/solutions\/precision\/\",\"name\":\"Pr\u00e9cision - ACSYS Lasertechnik GmbH\",\"isPartOf\":{\"@id\":\"https:\/\/acsys.wp3.visual4.com\/#website\"},\"primaryImageOfPage\":{\"@id\":\"https:\/\/acsys.wp3.visual4.com\/fr\/solutions\/precision\/#primaryimage\"},\"image\":{\"@id\":\"https:\/\/acsys.wp3.visual4.com\/fr\/solutions\/precision\/#primaryimage\"},\"thumbnailUrl\":\"https:\/\/acsys.wp3.visual4.com\/\/wp-content\/uploads\/ACSYS_Optionen_Kreuztisch_P3_Mupaket.png\",\"datePublished\":\"2024-02-28T16:15:44+00:00\",\"dateModified\":\"2024-06-17T12:07:47+00:00\",\"description\":\"Les syst\u00e8mes laser ACSYS \u00b5 donnent le ton en mati\u00e8re de pr\u00e9cision laser : avec un design en granit, un entra\u00eenement lin\u00e9aire, un laser \u00e0 impulsions ultracourtes et un logiciel adapt\u00e9.\",\"breadcrumb\":{\"@id\":\"https:\/\/acsys.wp3.visual4.com\/fr\/solutions\/precision\/#breadcrumb\"},\"inLanguage\":\"fr-FR\",\"potentialAction\":[{\"@type\":\"ReadAction\",\"target\":[\"https:\/\/acsys.wp3.visual4.com\/fr\/solutions\/precision\/\"]}]},{\"@type\":\"ImageObject\",\"inLanguage\":\"fr-FR\",\"@id\":\"https:\/\/acsys.wp3.visual4.com\/fr\/solutions\/precision\/#primaryimage\",\"url\":\"https:\/\/acsys.wp3.visual4.com\/\/wp-content\/uploads\/ACSYS_Optionen_Kreuztisch_P3_Mupaket.png\",\"contentUrl\":\"https:\/\/acsys.wp3.visual4.com\/\/wp-content\/uploads\/ACSYS_Optionen_Kreuztisch_P3_Mupaket.png\"},{\"@type\":\"BreadcrumbList\",\"@id\":\"https:\/\/acsys.wp3.visual4.com\/fr\/solutions\/precision\/#breadcrumb\",\"itemListElement\":[{\"@type\":\"ListItem\",\"position\":1,\"name\":\"Startseite\",\"item\":\"https:\/\/acsys.wp3.visual4.com\/fr\/\"},{\"@type\":\"ListItem\",\"position\":2,\"name\":\"Solutions\",\"item\":\"https:\/\/acsys.wp3.visual4.com\/fr\/solutions\/\"},{\"@type\":\"ListItem\",\"position\":3,\"name\":\"Pr\u00e9cision\"}]},{\"@type\":\"WebSite\",\"@id\":\"https:\/\/acsys.wp3.visual4.com\/#website\",\"url\":\"https:\/\/acsys.wp3.visual4.com\/\",\"name\":\"ACSYS Lasertechnik GmbH\",\"description\":\"\",\"publisher\":{\"@id\":\"https:\/\/acsys.wp3.visual4.com\/#organization\"},\"potentialAction\":[{\"@type\":\"SearchAction\",\"target\":{\"@type\":\"EntryPoint\",\"urlTemplate\":\"https:\/\/acsys.wp3.visual4.com\/?s={search_term_string}\"},\"query-input\":\"required name=search_term_string\"}],\"inLanguage\":\"fr-FR\"},{\"@type\":\"Organization\",\"@id\":\"https:\/\/acsys.wp3.visual4.com\/#organization\",\"name\":\"ACSYS Lasertechnik GmbH\",\"url\":\"https:\/\/acsys.wp3.visual4.com\/\",\"logo\":{\"@type\":\"ImageObject\",\"inLanguage\":\"fr-FR\",\"@id\":\"https:\/\/acsys.wp3.visual4.com\/#\/schema\/logo\/image\/\",\"url\":\"https:\/\/acsys.wp3.visual4.com\/wp-content\/uploads\/Logo_Acsys-Lasersysteme.png\",\"contentUrl\":\"https:\/\/acsys.wp3.visual4.com\/wp-content\/uploads\/Logo_Acsys-Lasersysteme.png\",\"width\":957,\"height\":192,\"caption\":\"ACSYS Lasertechnik GmbH\"},\"image\":{\"@id\":\"https:\/\/acsys.wp3.visual4.com\/#\/schema\/logo\/image\/\"}}]}<\/script>\n<!-- \/ Yoast SEO plugin. -->","yoast_head_json":{"title":"Pr\u00e9cision - ACSYS Lasertechnik GmbH","description":"Les syst\u00e8mes laser ACSYS \u00b5 donnent le ton en mati\u00e8re de pr\u00e9cision laser : avec un design en granit, un entra\u00eenement lin\u00e9aire, un laser \u00e0 impulsions ultracourtes et un logiciel adapt\u00e9.","robots":{"index":"index","follow":"follow","max-snippet":"max-snippet:-1","max-image-preview":"max-image-preview:large","max-video-preview":"max-video-preview:-1"},"canonical":"https:\/\/acsys.wp3.visual4.com\/fr\/solutions\/precision\/","og_locale":"fr_FR","og_type":"article","og_title":"Pr\u00e9cision - ACSYS Lasertechnik GmbH","og_description":"Les syst\u00e8mes laser ACSYS \u00b5 donnent le ton en mati\u00e8re de pr\u00e9cision laser : avec un design en granit, un entra\u00eenement lin\u00e9aire, un laser \u00e0 impulsions ultracourtes et un logiciel adapt\u00e9.","og_url":"https:\/\/acsys.wp3.visual4.com\/fr\/solutions\/precision\/","og_site_name":"ACSYS Lasertechnik GmbH","article_modified_time":"2024-06-17T12:07:47+00:00","og_image":[{"url":"https:\/\/acsys.wp3.visual4.com\/\/wp-content\/uploads\/ACSYS_Optionen_Kreuztisch_P3_Mupaket.png"}],"twitter_card":"summary_large_image","twitter_misc":{"Dur\u00e9e de lecture estim\u00e9e":"8 minutes"},"schema":{"@context":"https:\/\/schema.org","@graph":[{"@type":"WebPage","@id":"https:\/\/acsys.wp3.visual4.com\/fr\/solutions\/precision\/","url":"https:\/\/acsys.wp3.visual4.com\/fr\/solutions\/precision\/","name":"Pr\u00e9cision - ACSYS Lasertechnik GmbH","isPartOf":{"@id":"https:\/\/acsys.wp3.visual4.com\/#website"},"primaryImageOfPage":{"@id":"https:\/\/acsys.wp3.visual4.com\/fr\/solutions\/precision\/#primaryimage"},"image":{"@id":"https:\/\/acsys.wp3.visual4.com\/fr\/solutions\/precision\/#primaryimage"},"thumbnailUrl":"https:\/\/acsys.wp3.visual4.com\/\/wp-content\/uploads\/ACSYS_Optionen_Kreuztisch_P3_Mupaket.png","datePublished":"2024-02-28T16:15:44+00:00","dateModified":"2024-06-17T12:07:47+00:00","description":"Les syst\u00e8mes laser ACSYS \u00b5 donnent le ton en mati\u00e8re de pr\u00e9cision laser : avec un design en granit, un entra\u00eenement lin\u00e9aire, un laser \u00e0 impulsions ultracourtes et un logiciel adapt\u00e9.","breadcrumb":{"@id":"https:\/\/acsys.wp3.visual4.com\/fr\/solutions\/precision\/#breadcrumb"},"inLanguage":"fr-FR","potentialAction":[{"@type":"ReadAction","target":["https:\/\/acsys.wp3.visual4.com\/fr\/solutions\/precision\/"]}]},{"@type":"ImageObject","inLanguage":"fr-FR","@id":"https:\/\/acsys.wp3.visual4.com\/fr\/solutions\/precision\/#primaryimage","url":"https:\/\/acsys.wp3.visual4.com\/\/wp-content\/uploads\/ACSYS_Optionen_Kreuztisch_P3_Mupaket.png","contentUrl":"https:\/\/acsys.wp3.visual4.com\/\/wp-content\/uploads\/ACSYS_Optionen_Kreuztisch_P3_Mupaket.png"},{"@type":"BreadcrumbList","@id":"https:\/\/acsys.wp3.visual4.com\/fr\/solutions\/precision\/#breadcrumb","itemListElement":[{"@type":"ListItem","position":1,"name":"Startseite","item":"https:\/\/acsys.wp3.visual4.com\/fr\/"},{"@type":"ListItem","position":2,"name":"Solutions","item":"https:\/\/acsys.wp3.visual4.com\/fr\/solutions\/"},{"@type":"ListItem","position":3,"name":"Pr\u00e9cision"}]},{"@type":"WebSite","@id":"https:\/\/acsys.wp3.visual4.com\/#website","url":"https:\/\/acsys.wp3.visual4.com\/","name":"ACSYS Lasertechnik GmbH","description":"","publisher":{"@id":"https:\/\/acsys.wp3.visual4.com\/#organization"},"potentialAction":[{"@type":"SearchAction","target":{"@type":"EntryPoint","urlTemplate":"https:\/\/acsys.wp3.visual4.com\/?s={search_term_string}"},"query-input":"required name=search_term_string"}],"inLanguage":"fr-FR"},{"@type":"Organization","@id":"https:\/\/acsys.wp3.visual4.com\/#organization","name":"ACSYS Lasertechnik GmbH","url":"https:\/\/acsys.wp3.visual4.com\/","logo":{"@type":"ImageObject","inLanguage":"fr-FR","@id":"https:\/\/acsys.wp3.visual4.com\/#\/schema\/logo\/image\/","url":"https:\/\/acsys.wp3.visual4.com\/wp-content\/uploads\/Logo_Acsys-Lasersysteme.png","contentUrl":"https:\/\/acsys.wp3.visual4.com\/wp-content\/uploads\/Logo_Acsys-Lasersysteme.png","width":957,"height":192,"caption":"ACSYS Lasertechnik GmbH"},"image":{"@id":"https:\/\/acsys.wp3.visual4.com\/#\/schema\/logo\/image\/"}}]}},"_links":{"self":[{"href":"https:\/\/acsys.wp3.visual4.com\/fr\/wp-json\/wp\/v2\/pages\/10342","targetHints":{"allow":["GET"]}}],"collection":[{"href":"https:\/\/acsys.wp3.visual4.com\/fr\/wp-json\/wp\/v2\/pages"}],"about":[{"href":"https:\/\/acsys.wp3.visual4.com\/fr\/wp-json\/wp\/v2\/types\/page"}],"author":[{"embeddable":true,"href":"https:\/\/acsys.wp3.visual4.com\/fr\/wp-json\/wp\/v2\/users\/2"}],"replies":[{"embeddable":true,"href":"https:\/\/acsys.wp3.visual4.com\/fr\/wp-json\/wp\/v2\/comments?post=10342"}],"version-history":[{"count":4,"href":"https:\/\/acsys.wp3.visual4.com\/fr\/wp-json\/wp\/v2\/pages\/10342\/revisions"}],"predecessor-version":[{"id":10822,"href":"https:\/\/acsys.wp3.visual4.com\/fr\/wp-json\/wp\/v2\/pages\/10342\/revisions\/10822"}],"up":[{"embeddable":true,"href":"https:\/\/acsys.wp3.visual4.com\/fr\/wp-json\/wp\/v2\/pages\/10291"}],"wp:attachment":[{"href":"https:\/\/acsys.wp3.visual4.com\/fr\/wp-json\/wp\/v2\/media?parent=10342"}],"wp:term":[{"taxonomy":"industry","embeddable":true,"href":"https:\/\/acsys.wp3.visual4.com\/fr\/wp-json\/wp\/v2\/industry?post=10342"},{"taxonomy":"process","embeddable":true,"href":"https:\/\/acsys.wp3.visual4.com\/fr\/wp-json\/wp\/v2\/process?post=10342"}],"curies":[{"name":"wp","href":"https:\/\/api.w.org\/{rel}","templated":true}]}}