{"id":10211,"date":"2023-09-27T14:10:33","date_gmt":"2023-09-27T12:10:33","guid":{"rendered":"https:\/\/acsyslaser.com\/centre-dinformation\/salons-et-evenements\/"},"modified":"2024-06-12T15:23:52","modified_gmt":"2024-06-12T13:23:52","slug":"salons-et-evenements","status":"publish","type":"page","link":"https:\/\/acsys.wp3.visual4.com\/fr\/centre-dinformation\/salons-et-evenements\/","title":{"rendered":"Salons et \u00e9v\u00e9nements"},"content":{"rendered":"\n<div class=\"wp-block-group alignfull has-global-padding is-layout-constrained wp-block-group-is-layout-constrained\" style=\"margin-bottom:var(--wp--preset--spacing--60)\">\n<div class=\"wp-block-cover alignfull is-light is-style-mask-bottom\" style=\"margin-bottom:var(--wp--preset--spacing--60);min-height:40vh;aspect-ratio:unset;\"><span aria-hidden=\"true\" class=\"wp-block-cover__background has-background-dim-0 has-background-dim\"><\/span><img loading=\"lazy\" decoding=\"async\" width=\"2560\" height=\"873\" class=\"wp-block-cover__image-background wp-image-3738\" alt=\"\" src=\"https:\/\/acsys.wp3.visual4.com\/\/wp-content\/uploads\/Rahmenvorlage_Webseite_bilder_header-scaled.webp\" style=\"object-position:48% 12%\" data-object-fit=\"cover\" data-object-position=\"48% 12%\" srcset=\"https:\/\/acsys.wp3.visual4.com\/wp-content\/uploads\/Rahmenvorlage_Webseite_bilder_header-scaled.webp 2560w, https:\/\/acsys.wp3.visual4.com\/wp-content\/uploads\/Rahmenvorlage_Webseite_bilder_header-300x102.webp 300w, https:\/\/acsys.wp3.visual4.com\/wp-content\/uploads\/Rahmenvorlage_Webseite_bilder_header-1024x349.webp 1024w, https:\/\/acsys.wp3.visual4.com\/wp-content\/uploads\/Rahmenvorlage_Webseite_bilder_header-768x262.webp 768w, https:\/\/acsys.wp3.visual4.com\/wp-content\/uploads\/Rahmenvorlage_Webseite_bilder_header-1536x524.webp 1536w, https:\/\/acsys.wp3.visual4.com\/wp-content\/uploads\/Rahmenvorlage_Webseite_bilder_header-2048x698.webp 2048w\" sizes=\"auto, (max-width: 2560px) 100vw, 2560px\" \/><div class=\"wp-block-cover__inner-container is-layout-flow wp-block-cover-is-layout-flow\">\n<p class=\"has-text-align-center has-large-font-size\"><\/p>\n<\/div><\/div>\n\n\n\n<div class=\"wp-block-group alignwide has-global-padding is-layout-constrained wp-container-core-group-is-layout-ff778368 wp-block-group-is-layout-constrained\" style=\"padding-right:var(--wp--preset--spacing--30);padding-left:var(--wp--preset--spacing--30)\">\n<h1 class=\"wp-block-heading has-text-align-center  not-centered-on-mobile\">Salons et \u00e9v\u00e9nements<\/h1>\n\n\n\n<p class=\"has-text-align-center\">ACSYS participe en tant qu&rsquo;exposant \u00e0 diff\u00e9rents \u00e9v\u00e9nements professionnels dans le monde entier. L&rsquo;aper\u00e7u ci-dessous vous donne un aper\u00e7u des principales dates auxquelles vous pouvez nous rencontrer personnellement. Le mieux est de prendre rendez-vous d\u00e8s aujourd&rsquo;hui ou d&rsquo;enregistrer les dates de nos salons dans votre agenda. Dans tous les cas, nous sommes impatients de vous rencontrer en personne.<\/p>\n<\/div>\n<\/div>\n\n<div class=\"wp-block-group alignfull has-global-padding is-layout-constrained wp-container-core-group-is-layout-1b3dec4a wp-block-group-is-layout-constrained\" style=\"margin-bottom:var(--wp--preset--spacing--60);padding-right:var(--wp--preset--spacing--30);padding-left:var(--wp--preset--spacing--30)\">\n<div class=\"wp-block-query is-layout-flow wp-block-query-is-layout-flow\">\n\n\n\n<div class=\"wp-block-query-no-results\">\n\n<p><\/p>\n\n<\/div><\/div>\n<\/div>\n\n<div class=\"wp-block-group alignfull is-style-overlapping-behind has-global-padding is-layout-constrained wp-container-core-group-is-layout-3730fa20 wp-block-group-is-layout-constrained\" style=\"margin-bottom:var(--wp--preset--spacing--60);padding-top:0;padding-right:0;padding-bottom:0;padding-left:0\">\n<div class=\"wp-block-group alignfull is-style-mask-top has-secondary-background-color has-background has-global-padding is-layout-constrained wp-block-group-is-layout-constrained\" style=\"margin-top:0;margin-bottom:0;padding-top:var(--wp--preset--spacing--70)\"><\/div>\n\n\n\n<div class=\"wp-block-group alignfull is-style-default has-secondary-background-color has-background has-global-padding is-layout-constrained wp-container-core-group-is-layout-9eb6751a wp-block-group-is-layout-constrained\" style=\"margin-top:0;margin-bottom:0;padding-top:var(--wp--preset--spacing--50);padding-right:var(--wp--preset--spacing--30);padding-bottom:var(--wp--preset--spacing--50);padding-left:var(--wp--preset--spacing--30)\">\n<h2 class=\"wp-block-heading has-text-align-center\">Vous cherchez un interlocuteur personnel ?<\/h2>\n\n\n\n<p class=\"has-text-align-center\">Nos experts ACSYS sont \u00e0 votre disposition pour r\u00e9pondre \u00e0 vos questions.<\/p>\n\n\n\n<div class=\"wp-block-buttons is-content-justification-center is-layout-flex wp-container-core-buttons-is-layout-a89b3969 wp-block-buttons-is-layout-flex\">\n<div class=\"wp-block-button\"><a class=\"wp-block-button__link has-text-align-center wp-element-button\" href=\"https:\/\/acsys.wp3.visual4.com\/fr\/personne-a-contacter\/\">Trouver un contact<\/a><\/div>\n<\/div>\n<\/div>\n<\/div>\n","protected":false},"excerpt":{"rendered":"<p>Salons et \u00e9v\u00e9nements ACSYS participe en tant qu&rsquo;exposant \u00e0 diff\u00e9rents \u00e9v\u00e9nements professionnels dans le monde entier. L&rsquo;aper\u00e7u ci-dessous vous donne un aper\u00e7u des principales dates&#8230;<\/p>\n","protected":false},"author":2,"featured_media":0,"parent":9720,"menu_order":2,"comment_status":"closed","ping_status":"closed","template":"","meta":{"_acf_changed":false,"inline_featured_image":false,"footnotes":""},"industry":[],"process":[],"class_list":["post-10211","page","type-page","status-publish","hentry"],"acf":[],"yoast_head":"<!-- This site is optimized with the Yoast SEO plugin v23.0 - https:\/\/yoast.com\/wordpress\/plugins\/seo\/ -->\n<title>Salons et \u00e9v\u00e9nements - ACSYS Lasertechnik GmbH<\/title>\n<meta name=\"robots\" content=\"index, follow, max-snippet:-1, max-image-preview:large, max-video-preview:-1\" \/>\n<link rel=\"canonical\" href=\"https:\/\/acsys.wp3.visual4.com\/fr\/centre-dinformation\/salons-et-evenements\/\" \/>\n<meta property=\"og:locale\" content=\"fr_FR\" \/>\n<meta property=\"og:type\" content=\"article\" \/>\n<meta property=\"og:title\" content=\"Salons et \u00e9v\u00e9nements - ACSYS Lasertechnik GmbH\" \/>\n<meta property=\"og:description\" content=\"Salons et \u00e9v\u00e9nements ACSYS participe en tant qu&rsquo;exposant \u00e0 diff\u00e9rents \u00e9v\u00e9nements professionnels dans le monde entier. L&rsquo;aper\u00e7u ci-dessous vous donne un aper\u00e7u des principales dates...\" \/>\n<meta property=\"og:url\" content=\"https:\/\/acsys.wp3.visual4.com\/fr\/centre-dinformation\/salons-et-evenements\/\" \/>\n<meta property=\"og:site_name\" content=\"ACSYS Lasertechnik GmbH\" \/>\n<meta property=\"article:modified_time\" content=\"2024-06-12T13:23:52+00:00\" \/>\n<meta property=\"og:image\" content=\"https:\/\/acsys.wp3.visual4.com\/\/wp-content\/uploads\/Rahmenvorlage_Webseite_bilder_header-scaled.webp\" \/>\n<meta name=\"twitter:card\" content=\"summary_large_image\" \/>\n<script type=\"application\/ld+json\" class=\"yoast-schema-graph\">{\"@context\":\"https:\/\/schema.org\",\"@graph\":[{\"@type\":\"WebPage\",\"@id\":\"https:\/\/acsys.wp3.visual4.com\/fr\/centre-dinformation\/salons-et-evenements\/\",\"url\":\"https:\/\/acsys.wp3.visual4.com\/fr\/centre-dinformation\/salons-et-evenements\/\",\"name\":\"Salons et \u00e9v\u00e9nements - ACSYS Lasertechnik GmbH\",\"isPartOf\":{\"@id\":\"https:\/\/acsys.wp3.visual4.com\/#website\"},\"primaryImageOfPage\":{\"@id\":\"https:\/\/acsys.wp3.visual4.com\/fr\/centre-dinformation\/salons-et-evenements\/#primaryimage\"},\"image\":{\"@id\":\"https:\/\/acsys.wp3.visual4.com\/fr\/centre-dinformation\/salons-et-evenements\/#primaryimage\"},\"thumbnailUrl\":\"https:\/\/acsys.wp3.visual4.com\/\/wp-content\/uploads\/Rahmenvorlage_Webseite_bilder_header-scaled.webp\",\"datePublished\":\"2023-09-27T12:10:33+00:00\",\"dateModified\":\"2024-06-12T13:23:52+00:00\",\"breadcrumb\":{\"@id\":\"https:\/\/acsys.wp3.visual4.com\/fr\/centre-dinformation\/salons-et-evenements\/#breadcrumb\"},\"inLanguage\":\"fr-FR\",\"potentialAction\":[{\"@type\":\"ReadAction\",\"target\":[\"https:\/\/acsys.wp3.visual4.com\/fr\/centre-dinformation\/salons-et-evenements\/\"]}]},{\"@type\":\"ImageObject\",\"inLanguage\":\"fr-FR\",\"@id\":\"https:\/\/acsys.wp3.visual4.com\/fr\/centre-dinformation\/salons-et-evenements\/#primaryimage\",\"url\":\"https:\/\/acsys.wp3.visual4.com\/\/wp-content\/uploads\/Rahmenvorlage_Webseite_bilder_header-scaled.webp\",\"contentUrl\":\"https:\/\/acsys.wp3.visual4.com\/\/wp-content\/uploads\/Rahmenvorlage_Webseite_bilder_header-scaled.webp\"},{\"@type\":\"BreadcrumbList\",\"@id\":\"https:\/\/acsys.wp3.visual4.com\/fr\/centre-dinformation\/salons-et-evenements\/#breadcrumb\",\"itemListElement\":[{\"@type\":\"ListItem\",\"position\":1,\"name\":\"Startseite\",\"item\":\"https:\/\/acsys.wp3.visual4.com\/fr\/\"},{\"@type\":\"ListItem\",\"position\":2,\"name\":\"Centre d&rsquo;information\",\"item\":\"https:\/\/acsys.wp3.visual4.com\/fr\/centre-dinformation\/\"},{\"@type\":\"ListItem\",\"position\":3,\"name\":\"Salons et \u00e9v\u00e9nements\"}]},{\"@type\":\"WebSite\",\"@id\":\"https:\/\/acsys.wp3.visual4.com\/#website\",\"url\":\"https:\/\/acsys.wp3.visual4.com\/\",\"name\":\"ACSYS Lasertechnik GmbH\",\"description\":\"\",\"publisher\":{\"@id\":\"https:\/\/acsys.wp3.visual4.com\/#organization\"},\"potentialAction\":[{\"@type\":\"SearchAction\",\"target\":{\"@type\":\"EntryPoint\",\"urlTemplate\":\"https:\/\/acsys.wp3.visual4.com\/?s={search_term_string}\"},\"query-input\":\"required name=search_term_string\"}],\"inLanguage\":\"fr-FR\"},{\"@type\":\"Organization\",\"@id\":\"https:\/\/acsys.wp3.visual4.com\/#organization\",\"name\":\"ACSYS Lasertechnik GmbH\",\"url\":\"https:\/\/acsys.wp3.visual4.com\/\",\"logo\":{\"@type\":\"ImageObject\",\"inLanguage\":\"fr-FR\",\"@id\":\"https:\/\/acsys.wp3.visual4.com\/#\/schema\/logo\/image\/\",\"url\":\"https:\/\/acsys.wp3.visual4.com\/wp-content\/uploads\/Logo_Acsys-Lasersysteme.png\",\"contentUrl\":\"https:\/\/acsys.wp3.visual4.com\/wp-content\/uploads\/Logo_Acsys-Lasersysteme.png\",\"width\":957,\"height\":192,\"caption\":\"ACSYS Lasertechnik GmbH\"},\"image\":{\"@id\":\"https:\/\/acsys.wp3.visual4.com\/#\/schema\/logo\/image\/\"}}]}<\/script>\n<!-- \/ Yoast SEO plugin. -->","yoast_head_json":{"title":"Salons et \u00e9v\u00e9nements - ACSYS Lasertechnik GmbH","robots":{"index":"index","follow":"follow","max-snippet":"max-snippet:-1","max-image-preview":"max-image-preview:large","max-video-preview":"max-video-preview:-1"},"canonical":"https:\/\/acsys.wp3.visual4.com\/fr\/centre-dinformation\/salons-et-evenements\/","og_locale":"fr_FR","og_type":"article","og_title":"Salons et \u00e9v\u00e9nements - ACSYS Lasertechnik GmbH","og_description":"Salons et \u00e9v\u00e9nements ACSYS participe en tant qu&rsquo;exposant \u00e0 diff\u00e9rents \u00e9v\u00e9nements professionnels dans le monde entier. L&rsquo;aper\u00e7u ci-dessous vous donne un aper\u00e7u des principales dates...","og_url":"https:\/\/acsys.wp3.visual4.com\/fr\/centre-dinformation\/salons-et-evenements\/","og_site_name":"ACSYS Lasertechnik GmbH","article_modified_time":"2024-06-12T13:23:52+00:00","og_image":[{"url":"https:\/\/acsys.wp3.visual4.com\/\/wp-content\/uploads\/Rahmenvorlage_Webseite_bilder_header-scaled.webp"}],"twitter_card":"summary_large_image","schema":{"@context":"https:\/\/schema.org","@graph":[{"@type":"WebPage","@id":"https:\/\/acsys.wp3.visual4.com\/fr\/centre-dinformation\/salons-et-evenements\/","url":"https:\/\/acsys.wp3.visual4.com\/fr\/centre-dinformation\/salons-et-evenements\/","name":"Salons et \u00e9v\u00e9nements - ACSYS Lasertechnik GmbH","isPartOf":{"@id":"https:\/\/acsys.wp3.visual4.com\/#website"},"primaryImageOfPage":{"@id":"https:\/\/acsys.wp3.visual4.com\/fr\/centre-dinformation\/salons-et-evenements\/#primaryimage"},"image":{"@id":"https:\/\/acsys.wp3.visual4.com\/fr\/centre-dinformation\/salons-et-evenements\/#primaryimage"},"thumbnailUrl":"https:\/\/acsys.wp3.visual4.com\/\/wp-content\/uploads\/Rahmenvorlage_Webseite_bilder_header-scaled.webp","datePublished":"2023-09-27T12:10:33+00:00","dateModified":"2024-06-12T13:23:52+00:00","breadcrumb":{"@id":"https:\/\/acsys.wp3.visual4.com\/fr\/centre-dinformation\/salons-et-evenements\/#breadcrumb"},"inLanguage":"fr-FR","potentialAction":[{"@type":"ReadAction","target":["https:\/\/acsys.wp3.visual4.com\/fr\/centre-dinformation\/salons-et-evenements\/"]}]},{"@type":"ImageObject","inLanguage":"fr-FR","@id":"https:\/\/acsys.wp3.visual4.com\/fr\/centre-dinformation\/salons-et-evenements\/#primaryimage","url":"https:\/\/acsys.wp3.visual4.com\/\/wp-content\/uploads\/Rahmenvorlage_Webseite_bilder_header-scaled.webp","contentUrl":"https:\/\/acsys.wp3.visual4.com\/\/wp-content\/uploads\/Rahmenvorlage_Webseite_bilder_header-scaled.webp"},{"@type":"BreadcrumbList","@id":"https:\/\/acsys.wp3.visual4.com\/fr\/centre-dinformation\/salons-et-evenements\/#breadcrumb","itemListElement":[{"@type":"ListItem","position":1,"name":"Startseite","item":"https:\/\/acsys.wp3.visual4.com\/fr\/"},{"@type":"ListItem","position":2,"name":"Centre d&rsquo;information","item":"https:\/\/acsys.wp3.visual4.com\/fr\/centre-dinformation\/"},{"@type":"ListItem","position":3,"name":"Salons et \u00e9v\u00e9nements"}]},{"@type":"WebSite","@id":"https:\/\/acsys.wp3.visual4.com\/#website","url":"https:\/\/acsys.wp3.visual4.com\/","name":"ACSYS Lasertechnik GmbH","description":"","publisher":{"@id":"https:\/\/acsys.wp3.visual4.com\/#organization"},"potentialAction":[{"@type":"SearchAction","target":{"@type":"EntryPoint","urlTemplate":"https:\/\/acsys.wp3.visual4.com\/?s={search_term_string}"},"query-input":"required name=search_term_string"}],"inLanguage":"fr-FR"},{"@type":"Organization","@id":"https:\/\/acsys.wp3.visual4.com\/#organization","name":"ACSYS Lasertechnik GmbH","url":"https:\/\/acsys.wp3.visual4.com\/","logo":{"@type":"ImageObject","inLanguage":"fr-FR","@id":"https:\/\/acsys.wp3.visual4.com\/#\/schema\/logo\/image\/","url":"https:\/\/acsys.wp3.visual4.com\/wp-content\/uploads\/Logo_Acsys-Lasersysteme.png","contentUrl":"https:\/\/acsys.wp3.visual4.com\/wp-content\/uploads\/Logo_Acsys-Lasersysteme.png","width":957,"height":192,"caption":"ACSYS Lasertechnik GmbH"},"image":{"@id":"https:\/\/acsys.wp3.visual4.com\/#\/schema\/logo\/image\/"}}]}},"_links":{"self":[{"href":"https:\/\/acsys.wp3.visual4.com\/fr\/wp-json\/wp\/v2\/pages\/10211","targetHints":{"allow":["GET"]}}],"collection":[{"href":"https:\/\/acsys.wp3.visual4.com\/fr\/wp-json\/wp\/v2\/pages"}],"about":[{"href":"https:\/\/acsys.wp3.visual4.com\/fr\/wp-json\/wp\/v2\/types\/page"}],"author":[{"embeddable":true,"href":"https:\/\/acsys.wp3.visual4.com\/fr\/wp-json\/wp\/v2\/users\/2"}],"replies":[{"embeddable":true,"href":"https:\/\/acsys.wp3.visual4.com\/fr\/wp-json\/wp\/v2\/comments?post=10211"}],"version-history":[{"count":2,"href":"https:\/\/acsys.wp3.visual4.com\/fr\/wp-json\/wp\/v2\/pages\/10211\/revisions"}],"predecessor-version":[{"id":10222,"href":"https:\/\/acsys.wp3.visual4.com\/fr\/wp-json\/wp\/v2\/pages\/10211\/revisions\/10222"}],"up":[{"embeddable":true,"href":"https:\/\/acsys.wp3.visual4.com\/fr\/wp-json\/wp\/v2\/pages\/9720"}],"wp:attachment":[{"href":"https:\/\/acsys.wp3.visual4.com\/fr\/wp-json\/wp\/v2\/media?parent=10211"}],"wp:term":[{"taxonomy":"industry","embeddable":true,"href":"https:\/\/acsys.wp3.visual4.com\/fr\/wp-json\/wp\/v2\/industry?post=10211"},{"taxonomy":"process","embeddable":true,"href":"https:\/\/acsys.wp3.visual4.com\/fr\/wp-json\/wp\/v2\/process?post=10211"}],"curies":[{"name":"wp","href":"https:\/\/api.w.org\/{rel}","templated":true}]}}