{"id":10207,"date":"2023-09-19T11:21:58","date_gmt":"2023-09-19T09:21:58","guid":{"rendered":"https:\/\/acsyslaser.com\/mentions-legales\/"},"modified":"2024-06-12T15:23:52","modified_gmt":"2024-06-12T13:23:52","slug":"mentions-legales","status":"publish","type":"page","link":"https:\/\/acsys.wp3.visual4.com\/fr\/mentions-legales\/","title":{"rendered":"Mentions l\u00e9gales"},"content":{"rendered":"\n<div class=\"wp-block-group alignfull has-global-padding is-layout-constrained wp-container-core-group-is-layout-c7284179 wp-block-group-is-layout-constrained\" style=\"padding-top:var(--wp--preset--spacing--50);padding-right:var(--wp--preset--spacing--30);padding-bottom:var(--wp--preset--spacing--70);padding-left:var(--wp--preset--spacing--30)\">\n<h2 class=\"wp-block-heading\">Fournisseur du contenu de ce site web<\/h2>\n\n\n\n<div class=\"wp-block-columns is-layout-flex wp-container-core-columns-is-layout-28f84493 wp-block-columns-is-layout-flex\">\n<div class=\"wp-block-column is-layout-flow wp-block-column-is-layout-flow\">\n<p><strong>ACSYS Lasertechnik GmbH<br\/><\/strong>Leibnizstrasse 9<br\/>70806 Kornwestheim<\/p>\n\n\n\n<p><strong>T :<\/strong> +49 (0)7154 808 75 0<br\/><strong>E : <\/strong><a href=\"mailto:info@acsys.de\">info@acsys.de<\/a><\/p>\n\n\n\n<p>Tribunal d&rsquo;instance de Stuttgart HRB 206629<br\/>N\u00b0 de TVA : DE813681276<br\/><\/p>\n<\/div>\n\n\n\n<div class=\"wp-block-column is-layout-flow wp-block-column-is-layout-flow\">\n<p><strong>ACSYS Lasertechnik GmbH<\/strong><br\/>Leipziger Stra\u00dfe 37<br\/>09648 Mittweida<\/p>\n\n\n\n<p><strong>T :<\/strong> +49 (0) 3727 996 909 0<br\/><strong>E : <\/strong><a href=\"mailto:info@acsys.de\">info@acsys.de<\/a><\/p>\n\n\n\n<p>Tribunal d&rsquo;instance de Chemnitz HRB 21036<\/p>\n<\/div>\n<\/div>\n\n\n\n<p><strong>Gestion des affaires<\/strong>:<br\/>Gerhard Kimmel<br\/>Sascha K\u00f6nig<\/p>\n\n\n\n<h2 class=\"wp-block-heading\" style=\"margin-top:var(--wp--preset--spacing--60)\">Mentions l\u00e9gales \/ Disclaimer<\/h2>\n\n\n\n<h3 class=\"wp-block-heading\">\u00a7 1 Limitation de responsabilit\u00e9<\/h3>\n\n\n\n<p>Le contenu de ce site web a \u00e9t\u00e9 r\u00e9dig\u00e9 avec le plus grand soin. Le fournisseur ne garantit toutefois pas l&rsquo;exactitude, l&rsquo;exhaustivit\u00e9 et l&rsquo;actualit\u00e9 des contenus mis \u00e0 disposition. L&rsquo;utilisation du contenu du site web se fait aux risques et p\u00e9rils de l&rsquo;utilisateur. Les articles nomm\u00e9s refl\u00e8tent l&rsquo;opinion de leur auteur et pas toujours celle du fournisseur. La simple utilisation du site web du fournisseur ne donne lieu \u00e0 aucune relation contractuelle entre l&rsquo;utilisateur et le fournisseur.<\/p>\n\n\n\n<h3 class=\"wp-block-heading\">\u00a7 2 Liens externes<\/h3>\n\n\n\n<p>Ce site web contient des liens vers des sites web de tiers (\u00ab\u00a0liens externes\u00a0\u00bb). Ces sites sont sous la responsabilit\u00e9 de leurs op\u00e9rateurs respectifs. Lors de la premi\u00e8re mise en place des liens externes, le fournisseur a v\u00e9rifi\u00e9 que les contenus externes ne pr\u00e9sentaient pas de violations de la loi. A ce moment-l\u00e0, aucune violation de la loi n&rsquo;\u00e9tait apparente. Le fournisseur n&rsquo;a aucune influence sur la conception actuelle et future et sur le contenu des pages li\u00e9es. La mise en place de liens externes ne signifie pas que le fournisseur s&rsquo;approprie les contenus se trouvant derri\u00e8re la r\u00e9f\u00e9rence ou le lien. Un contr\u00f4le permanent des liens externes ne peut \u00eatre exig\u00e9 du fournisseur sans indication concr\u00e8te de violations de la loi. Toutefois, si nous prenons connaissance d&rsquo;une violation de la loi, les liens externes de ce type seront imm\u00e9diatement supprim\u00e9s.<\/p>\n\n\n\n<h3 class=\"wp-block-heading\">\u00a7 3 Droits d&rsquo;auteur et droits voisins<\/h3>\n\n\n\n<p>Les contenus publi\u00e9s sur ce site sont soumis \u00e0 la l\u00e9gislation allemande sur les droits d&rsquo;auteur et les droits voisins. Toute utilisation non autoris\u00e9e par le droit d&rsquo;auteur et les droits voisins allemands requiert l&rsquo;accord \u00e9crit pr\u00e9alable du fournisseur ou du d\u00e9tenteur des droits respectifs. Cela s&rsquo;applique en particulier \u00e0 la reproduction, au traitement, \u00e0 la traduction, \u00e0 l&rsquo;enregistrement, au traitement ou \u00e0 la reproduction de contenus dans des bases de donn\u00e9es ou d&rsquo;autres m\u00e9dias et syst\u00e8mes \u00e9lectroniques. Les contenus et droits de tiers sont identifi\u00e9s comme tels. La reproduction ou la transmission non autoris\u00e9e de certains contenus ou de pages enti\u00e8res est interdite et punissable. Seule la r\u00e9alisation de copies et de t\u00e9l\u00e9chargements pour un usage personnel, priv\u00e9 et non commercial est autoris\u00e9e. L&rsquo;affichage de ce site web dans des cadres \u00e9trangers n&rsquo;est autoris\u00e9 qu&rsquo;avec une permission \u00e9crite.<\/p>\n\n\n\n<h3 class=\"wp-block-heading\">\u00a7 4 Conditions d&rsquo;utilisation particuli\u00e8res<\/h3>\n\n\n\n<p>Dans la mesure o\u00f9 des conditions particuli\u00e8res pour certaines utilisations de ce site Web diff\u00e8rent des paragraphes susmentionn\u00e9s, il en est fait express\u00e9ment mention \u00e0 l&rsquo;endroit correspondant. Dans ce cas, les conditions d&rsquo;utilisation sp\u00e9cifiques s&rsquo;appliquent au cas par cas.<\/p>\n\n\n\n<h2 class=\"wp-block-heading\" style=\"margin-top:var(--wp--preset--spacing--60)\">Droits d&rsquo;auteur<\/h2>\n\n\n\n<p>Les textes, images, graphiques, sons, animations et vid\u00e9os ainsi que leur disposition sur ce site Internet sont prot\u00e9g\u00e9s par le droit d&rsquo;auteur et d&rsquo;autres lois de protection. Il est interdit de copier, diffuser, modifier ou rendre accessible \u00e0 des tiers le contenu de ce site \u00e0 des fins commerciales.<\/p>\n\n\n\n<p>Pour certains articles r\u00e9dactionnels, ACSYS fait appel \u00e0 des banques d&rsquo;images gratuites et libres de droits. Ces images et graphiques sont \u00e9galement prot\u00e9g\u00e9s par le droit d&rsquo;auteur et d&rsquo;autres lois de protection. Pour plus d&rsquo;informations, veuillez consulter notre liste s\u00e9par\u00e9e sur les droits d&rsquo;image ou les conditions de licence des artistes et bases de donn\u00e9es concern\u00e9s.<\/p>\n<\/div>\n","protected":false},"excerpt":{"rendered":"<p>Fournisseur du contenu de ce site web ACSYS Lasertechnik GmbHLeibnizstrasse 970806 Kornwestheim T : +49 (0)7154 808 75 0E : info@acsys.de Tribunal d&rsquo;instance de Stuttgart&#8230;<\/p>\n","protected":false},"author":2,"featured_media":0,"parent":0,"menu_order":11,"comment_status":"closed","ping_status":"open","template":"","meta":{"_acf_changed":false,"inline_featured_image":false,"footnotes":""},"industry":[],"process":[],"class_list":["post-10207","page","type-page","status-publish","hentry"],"acf":[],"yoast_head":"<!-- This site is optimized with the Yoast SEO plugin v23.0 - https:\/\/yoast.com\/wordpress\/plugins\/seo\/ -->\n<title>Mentions l\u00e9gales - ACSYS Lasertechnik GmbH<\/title>\n<meta name=\"robots\" content=\"index, follow, max-snippet:-1, max-image-preview:large, max-video-preview:-1\" \/>\n<link rel=\"canonical\" href=\"https:\/\/acsys.wp3.visual4.com\/fr\/mentions-legales\/\" \/>\n<meta property=\"og:locale\" content=\"fr_FR\" \/>\n<meta property=\"og:type\" content=\"article\" \/>\n<meta property=\"og:title\" content=\"Mentions l\u00e9gales - ACSYS Lasertechnik GmbH\" \/>\n<meta property=\"og:description\" content=\"Fournisseur du contenu de ce site web ACSYS Lasertechnik GmbHLeibnizstrasse 970806 Kornwestheim T : +49 (0)7154 808 75 0E : info@acsys.de Tribunal d&rsquo;instance de Stuttgart...\" \/>\n<meta property=\"og:url\" content=\"https:\/\/acsys.wp3.visual4.com\/fr\/mentions-legales\/\" \/>\n<meta property=\"og:site_name\" content=\"ACSYS Lasertechnik GmbH\" \/>\n<meta property=\"article:modified_time\" content=\"2024-06-12T13:23:52+00:00\" \/>\n<meta name=\"twitter:card\" content=\"summary_large_image\" \/>\n<meta name=\"twitter:label1\" content=\"Dur\u00e9e de lecture estim\u00e9e\" \/>\n\t<meta name=\"twitter:data1\" content=\"3 minutes\" \/>\n<script type=\"application\/ld+json\" class=\"yoast-schema-graph\">{\"@context\":\"https:\/\/schema.org\",\"@graph\":[{\"@type\":\"WebPage\",\"@id\":\"https:\/\/acsys.wp3.visual4.com\/fr\/mentions-legales\/\",\"url\":\"https:\/\/acsys.wp3.visual4.com\/fr\/mentions-legales\/\",\"name\":\"Mentions l\u00e9gales - ACSYS Lasertechnik GmbH\",\"isPartOf\":{\"@id\":\"https:\/\/acsys.wp3.visual4.com\/#website\"},\"datePublished\":\"2023-09-19T09:21:58+00:00\",\"dateModified\":\"2024-06-12T13:23:52+00:00\",\"breadcrumb\":{\"@id\":\"https:\/\/acsys.wp3.visual4.com\/fr\/mentions-legales\/#breadcrumb\"},\"inLanguage\":\"fr-FR\",\"potentialAction\":[{\"@type\":\"ReadAction\",\"target\":[\"https:\/\/acsys.wp3.visual4.com\/fr\/mentions-legales\/\"]}]},{\"@type\":\"BreadcrumbList\",\"@id\":\"https:\/\/acsys.wp3.visual4.com\/fr\/mentions-legales\/#breadcrumb\",\"itemListElement\":[{\"@type\":\"ListItem\",\"position\":1,\"name\":\"Startseite\",\"item\":\"https:\/\/acsys.wp3.visual4.com\/fr\/\"},{\"@type\":\"ListItem\",\"position\":2,\"name\":\"Mentions l\u00e9gales\"}]},{\"@type\":\"WebSite\",\"@id\":\"https:\/\/acsys.wp3.visual4.com\/#website\",\"url\":\"https:\/\/acsys.wp3.visual4.com\/\",\"name\":\"ACSYS Lasertechnik GmbH\",\"description\":\"\",\"publisher\":{\"@id\":\"https:\/\/acsys.wp3.visual4.com\/#organization\"},\"potentialAction\":[{\"@type\":\"SearchAction\",\"target\":{\"@type\":\"EntryPoint\",\"urlTemplate\":\"https:\/\/acsys.wp3.visual4.com\/?s={search_term_string}\"},\"query-input\":\"required name=search_term_string\"}],\"inLanguage\":\"fr-FR\"},{\"@type\":\"Organization\",\"@id\":\"https:\/\/acsys.wp3.visual4.com\/#organization\",\"name\":\"ACSYS Lasertechnik GmbH\",\"url\":\"https:\/\/acsys.wp3.visual4.com\/\",\"logo\":{\"@type\":\"ImageObject\",\"inLanguage\":\"fr-FR\",\"@id\":\"https:\/\/acsys.wp3.visual4.com\/#\/schema\/logo\/image\/\",\"url\":\"https:\/\/acsys.wp3.visual4.com\/wp-content\/uploads\/Logo_Acsys-Lasersysteme.png\",\"contentUrl\":\"https:\/\/acsys.wp3.visual4.com\/wp-content\/uploads\/Logo_Acsys-Lasersysteme.png\",\"width\":957,\"height\":192,\"caption\":\"ACSYS Lasertechnik GmbH\"},\"image\":{\"@id\":\"https:\/\/acsys.wp3.visual4.com\/#\/schema\/logo\/image\/\"}}]}<\/script>\n<!-- \/ Yoast SEO plugin. -->","yoast_head_json":{"title":"Mentions l\u00e9gales - ACSYS Lasertechnik GmbH","robots":{"index":"index","follow":"follow","max-snippet":"max-snippet:-1","max-image-preview":"max-image-preview:large","max-video-preview":"max-video-preview:-1"},"canonical":"https:\/\/acsys.wp3.visual4.com\/fr\/mentions-legales\/","og_locale":"fr_FR","og_type":"article","og_title":"Mentions l\u00e9gales - ACSYS Lasertechnik GmbH","og_description":"Fournisseur du contenu de ce site web ACSYS Lasertechnik GmbHLeibnizstrasse 970806 Kornwestheim T : +49 (0)7154 808 75 0E : info@acsys.de Tribunal d&rsquo;instance de Stuttgart...","og_url":"https:\/\/acsys.wp3.visual4.com\/fr\/mentions-legales\/","og_site_name":"ACSYS Lasertechnik GmbH","article_modified_time":"2024-06-12T13:23:52+00:00","twitter_card":"summary_large_image","twitter_misc":{"Dur\u00e9e de lecture estim\u00e9e":"3 minutes"},"schema":{"@context":"https:\/\/schema.org","@graph":[{"@type":"WebPage","@id":"https:\/\/acsys.wp3.visual4.com\/fr\/mentions-legales\/","url":"https:\/\/acsys.wp3.visual4.com\/fr\/mentions-legales\/","name":"Mentions l\u00e9gales - ACSYS Lasertechnik GmbH","isPartOf":{"@id":"https:\/\/acsys.wp3.visual4.com\/#website"},"datePublished":"2023-09-19T09:21:58+00:00","dateModified":"2024-06-12T13:23:52+00:00","breadcrumb":{"@id":"https:\/\/acsys.wp3.visual4.com\/fr\/mentions-legales\/#breadcrumb"},"inLanguage":"fr-FR","potentialAction":[{"@type":"ReadAction","target":["https:\/\/acsys.wp3.visual4.com\/fr\/mentions-legales\/"]}]},{"@type":"BreadcrumbList","@id":"https:\/\/acsys.wp3.visual4.com\/fr\/mentions-legales\/#breadcrumb","itemListElement":[{"@type":"ListItem","position":1,"name":"Startseite","item":"https:\/\/acsys.wp3.visual4.com\/fr\/"},{"@type":"ListItem","position":2,"name":"Mentions l\u00e9gales"}]},{"@type":"WebSite","@id":"https:\/\/acsys.wp3.visual4.com\/#website","url":"https:\/\/acsys.wp3.visual4.com\/","name":"ACSYS Lasertechnik GmbH","description":"","publisher":{"@id":"https:\/\/acsys.wp3.visual4.com\/#organization"},"potentialAction":[{"@type":"SearchAction","target":{"@type":"EntryPoint","urlTemplate":"https:\/\/acsys.wp3.visual4.com\/?s={search_term_string}"},"query-input":"required name=search_term_string"}],"inLanguage":"fr-FR"},{"@type":"Organization","@id":"https:\/\/acsys.wp3.visual4.com\/#organization","name":"ACSYS Lasertechnik GmbH","url":"https:\/\/acsys.wp3.visual4.com\/","logo":{"@type":"ImageObject","inLanguage":"fr-FR","@id":"https:\/\/acsys.wp3.visual4.com\/#\/schema\/logo\/image\/","url":"https:\/\/acsys.wp3.visual4.com\/wp-content\/uploads\/Logo_Acsys-Lasersysteme.png","contentUrl":"https:\/\/acsys.wp3.visual4.com\/wp-content\/uploads\/Logo_Acsys-Lasersysteme.png","width":957,"height":192,"caption":"ACSYS Lasertechnik GmbH"},"image":{"@id":"https:\/\/acsys.wp3.visual4.com\/#\/schema\/logo\/image\/"}}]}},"_links":{"self":[{"href":"https:\/\/acsys.wp3.visual4.com\/fr\/wp-json\/wp\/v2\/pages\/10207","targetHints":{"allow":["GET"]}}],"collection":[{"href":"https:\/\/acsys.wp3.visual4.com\/fr\/wp-json\/wp\/v2\/pages"}],"about":[{"href":"https:\/\/acsys.wp3.visual4.com\/fr\/wp-json\/wp\/v2\/types\/page"}],"author":[{"embeddable":true,"href":"https:\/\/acsys.wp3.visual4.com\/fr\/wp-json\/wp\/v2\/users\/2"}],"replies":[{"embeddable":true,"href":"https:\/\/acsys.wp3.visual4.com\/fr\/wp-json\/wp\/v2\/comments?post=10207"}],"version-history":[{"count":1,"href":"https:\/\/acsys.wp3.visual4.com\/fr\/wp-json\/wp\/v2\/pages\/10207\/revisions"}],"predecessor-version":[{"id":10208,"href":"https:\/\/acsys.wp3.visual4.com\/fr\/wp-json\/wp\/v2\/pages\/10207\/revisions\/10208"}],"wp:attachment":[{"href":"https:\/\/acsys.wp3.visual4.com\/fr\/wp-json\/wp\/v2\/media?parent=10207"}],"wp:term":[{"taxonomy":"industry","embeddable":true,"href":"https:\/\/acsys.wp3.visual4.com\/fr\/wp-json\/wp\/v2\/industry?post=10207"},{"taxonomy":"process","embeddable":true,"href":"https:\/\/acsys.wp3.visual4.com\/fr\/wp-json\/wp\/v2\/process?post=10207"}],"curies":[{"name":"wp","href":"https:\/\/api.w.org\/{rel}","templated":true}]}}