{"id":10035,"date":"2023-08-09T10:25:15","date_gmt":"2023-08-09T08:25:15","guid":{"rendered":"https:\/\/acsyslaser.com\/societe\/certificats\/"},"modified":"2024-06-17T14:07:50","modified_gmt":"2024-06-17T12:07:50","slug":"certificats","status":"publish","type":"page","link":"https:\/\/acsys.wp3.visual4.com\/fr\/societe\/certificats\/","title":{"rendered":"Certificats"},"content":{"rendered":"\n<div class=\"wp-block-group alignfull has-global-padding is-layout-constrained wp-block-group-is-layout-constrained\" style=\"margin-bottom:var(--wp--preset--spacing--50)\">\n<div class=\"wp-block-cover alignfull is-style-mask-bottom\" style=\"margin-bottom:var(--wp--preset--spacing--60);min-height:40vh;aspect-ratio:unset;\"><span aria-hidden=\"true\" class=\"wp-block-cover__background has-background-dim-0 has-background-dim\"><\/span><img loading=\"lazy\" decoding=\"async\" width=\"2048\" height=\"1384\" class=\"wp-block-cover__image-background wp-image-1960\" alt=\"Zertifikate: DIN-gepr\u00fcfte Qualit\u00e4t (DIN ISO 9001 und DIN ISO 14001)\" src=\"https:\/\/acsys.wp3.visual4.com\/\/wp-content\/uploads\/ACSYS_Gerhard_Kimmel_Preis_des_mittelstands_2048x1384-jpg.webp\" style=\"object-position:69% 29%\" data-object-fit=\"cover\" data-object-position=\"69% 29%\" srcset=\"https:\/\/acsys.wp3.visual4.com\/wp-content\/uploads\/ACSYS_Gerhard_Kimmel_Preis_des_mittelstands_2048x1384-jpg.webp 2048w, https:\/\/acsys.wp3.visual4.com\/wp-content\/uploads\/ACSYS_Gerhard_Kimmel_Preis_des_mittelstands_2048x1384-300x203.webp 300w, https:\/\/acsys.wp3.visual4.com\/wp-content\/uploads\/ACSYS_Gerhard_Kimmel_Preis_des_mittelstands_2048x1384-1024x692.webp 1024w, https:\/\/acsys.wp3.visual4.com\/wp-content\/uploads\/ACSYS_Gerhard_Kimmel_Preis_des_mittelstands_2048x1384-768x519.webp 768w, https:\/\/acsys.wp3.visual4.com\/wp-content\/uploads\/ACSYS_Gerhard_Kimmel_Preis_des_mittelstands_2048x1384-1536x1038.webp 1536w\" sizes=\"auto, (max-width: 2048px) 100vw, 2048px\" \/><div class=\"wp-block-cover__inner-container is-layout-flow wp-block-cover-is-layout-flow\">\n<p class=\"has-text-align-center has-large-font-size\"><\/p>\n<\/div><\/div>\n\n\n\n<div class=\"wp-block-group alignwide has-global-padding is-layout-constrained wp-container-core-group-is-layout-ff778368 wp-block-group-is-layout-constrained\" style=\"padding-right:var(--wp--preset--spacing--30);padding-left:var(--wp--preset--spacing--30)\">\n<h1 class=\"wp-block-heading has-text-align-center not-centered-on-mobile\">Excellente performance<\/h1>\n\n\n\n<p class=\"has-text-align-center not-centered-on-mobile\">ACSYS d\u00e9veloppe des syst\u00e8mes et des proc\u00e9d\u00e9s laser innovants qui font r\u00e9f\u00e9rence. La qualit\u00e9 la plus \u00e9lev\u00e9e est notre exigence. De nombreuses nominations, r\u00e9compenses et certificats t\u00e9moignent de la reconnaissance de nos performances par des experts nationaux et internationaux. Voyez par vous-m\u00eame.  <\/p>\n<\/div>\n<\/div>\n\n<div class=\"wp-block-group alignfull has-global-padding is-layout-constrained wp-container-core-group-is-layout-1b3dec4a wp-block-group-is-layout-constrained\" style=\"margin-bottom:var(--wp--preset--spacing--60);padding-right:var(--wp--preset--spacing--30);padding-left:var(--wp--preset--spacing--30)\">\n<div class=\"wp-block-group is-nowrap is-layout-flex wp-container-core-group-is-layout-8fb36119 wp-block-group-is-layout-flex\" style=\"margin-top:2.9rem\">\n<div class=\"wp-block-columns is-layout-flex wp-container-core-columns-is-layout-28f84493 wp-block-columns-is-layout-flex\">\n<div class=\"wp-block-column has-base-color has-secondary-background-color has-text-color has-background is-layout-flow wp-container-core-column-is-layout-56aa3682 wp-block-column-is-layout-flow\" style=\"padding-bottom:0;flex-basis:33.333%\"><a href=\"https:\/\/acsys.wp3.visual4.com\/\/wp-content\/uploads\/acsys-iso9001-2023-de.pdf\"   class=\"wp-block-tiptip-hyperlink-group-block\" >\n<figure class=\"wp-block-image size-large\"><img loading=\"lazy\" decoding=\"async\" width=\"1024\" height=\"692\" src=\"https:\/\/acsys.wp3.visual4.com\/\/wp-content\/uploads\/ACSYS_Icon_Iso_9001_2048x1384-1024x692.webp\" alt=\"\" class=\"wp-image-1964\" srcset=\"https:\/\/acsys.wp3.visual4.com\/wp-content\/uploads\/ACSYS_Icon_Iso_9001_2048x1384-1024x692.webp 1024w, https:\/\/acsys.wp3.visual4.com\/wp-content\/uploads\/ACSYS_Icon_Iso_9001_2048x1384-300x203.webp 300w, https:\/\/acsys.wp3.visual4.com\/wp-content\/uploads\/ACSYS_Icon_Iso_9001_2048x1384-768x519.webp 768w, https:\/\/acsys.wp3.visual4.com\/wp-content\/uploads\/ACSYS_Icon_Iso_9001_2048x1384-1536x1038.webp 1536w, https:\/\/acsys.wp3.visual4.com\/wp-content\/uploads\/ACSYS_Icon_Iso_9001_2048x1384-jpg.webp 2048w\" sizes=\"auto, (max-width: 1024px) 100vw, 1024px\" \/><\/figure>\n\n<h3 class=\"wp-block-heading has-base-color has-text-color\" style=\"margin-top:1rem;margin-right:1rem;margin-bottom:1rem;margin-left:1rem\">DIN ISO 9001:2015<\/h3>\n\n<p class=\"has-base-color has-text-color has-link-color wp-elements-9e3dc3f4f97e1ee0f3942a7a95bcb279\" style=\"padding-top:0rem;padding-right:1rem;padding-bottom:1.5rem;padding-left:1rem\">ACSYS est certifi\u00e9e selon la norme DIN EN ISO 9001:2015, ax\u00e9e sur les processus et les syst\u00e8mes, et garantit ainsi un d\u00e9veloppement de produits conforme aux normes et une qualit\u00e9 \u00e9lev\u00e9e constante pour ses clients.<\/p>\n<\/a><\/div>\n\n\n\n<div class=\"wp-block-column has-base-color has-secondary-background-color has-text-color has-background is-layout-flow wp-container-core-column-is-layout-56aa3682 wp-block-column-is-layout-flow\" style=\"padding-bottom:0;flex-basis:33.333%\"><a href=\"https:\/\/acsys.wp3.visual4.com\/\/wp-content\/uploads\/acsys-iso14001-2023-de.pdf\"   class=\"wp-block-tiptip-hyperlink-group-block\" >\n<figure class=\"wp-block-image size-large\"><img loading=\"lazy\" decoding=\"async\" width=\"1024\" height=\"692\" src=\"https:\/\/acsys.wp3.visual4.com\/\/wp-content\/uploads\/ACSYS_Icon_Iso_14001_2048x1384-1024x692.webp\" alt=\"\" class=\"wp-image-1967\" srcset=\"https:\/\/acsys.wp3.visual4.com\/wp-content\/uploads\/ACSYS_Icon_Iso_14001_2048x1384-1024x692.webp 1024w, https:\/\/acsys.wp3.visual4.com\/wp-content\/uploads\/ACSYS_Icon_Iso_14001_2048x1384-300x203.webp 300w, https:\/\/acsys.wp3.visual4.com\/wp-content\/uploads\/ACSYS_Icon_Iso_14001_2048x1384-768x519.webp 768w, https:\/\/acsys.wp3.visual4.com\/wp-content\/uploads\/ACSYS_Icon_Iso_14001_2048x1384-1536x1038.webp 1536w, https:\/\/acsys.wp3.visual4.com\/wp-content\/uploads\/ACSYS_Icon_Iso_14001_2048x1384-jpg.webp 2048w\" sizes=\"auto, (max-width: 1024px) 100vw, 1024px\" \/><\/figure>\n\n<h3 class=\"wp-block-heading has-base-color has-text-color\" style=\"margin-top:1rem;margin-right:1rem;margin-bottom:1rem;margin-left:1rem\">DIN ISO 14001:2015<\/h3>\n\n<p class=\"has-base-color has-text-color has-link-color wp-elements-83373638efd16459d7e5a56cdf3ae36d\" style=\"padding-top:0rem;padding-right:1rem;padding-bottom:1.5rem;padding-left:1rem\">Une protection active de l&rsquo;environnement n\u00e9cessite non seulement une technologie moderne, mais aussi un syst\u00e8me de gestion environnementale efficace. Pour ACSYS, il est tout \u00e0 fait naturel de prouver ses performances \u00e0 l&rsquo;aide de la norme DIN EN ISO 14001.<\/p>\n<\/a><\/div>\n\n\n\n<div class=\"wp-block-column has-base-color has-text-color is-layout-flow wp-container-core-column-is-layout-56aa3682 wp-block-column-is-layout-flow\" style=\"padding-bottom:0;flex-basis:33.333%\"><\/div>\n<\/div>\n<\/div>\n<\/div>\n\n<div class=\"wp-block-group alignfull is-style-overlapping-behind has-global-padding is-layout-constrained wp-container-core-group-is-layout-3730fa20 wp-block-group-is-layout-constrained\" style=\"margin-bottom:var(--wp--preset--spacing--60);padding-top:0;padding-right:0;padding-bottom:0;padding-left:0\">\n<div class=\"wp-block-group alignfull is-style-mask-top has-secondary-background-color has-background has-global-padding is-layout-constrained wp-block-group-is-layout-constrained\" style=\"margin-top:0;margin-bottom:0;padding-top:var(--wp--preset--spacing--70)\"><\/div>\n\n\n\n<div class=\"wp-block-group alignfull is-style-default has-secondary-background-color has-background has-global-padding is-layout-constrained wp-container-core-group-is-layout-9eb6751a wp-block-group-is-layout-constrained\" style=\"margin-top:0;margin-bottom:0;padding-top:var(--wp--preset--spacing--50);padding-right:var(--wp--preset--spacing--30);padding-bottom:var(--wp--preset--spacing--50);padding-left:var(--wp--preset--spacing--30)\">\n<h2 class=\"wp-block-heading has-text-align-center\">Nous prenons nos responsabilit\u00e9s.<\/h2>\n\n\n\n<p class=\"has-text-align-center\">Succ\u00e8s oblige. Nous consid\u00e9rons qu&rsquo;il est de notre responsabilit\u00e9 envers la soci\u00e9t\u00e9, nos collaborateurs et les g\u00e9n\u00e9rations futures de voir les choses dans leur ensemble tout en agissant \u00e0 petite \u00e9chelle. C&rsquo;est pourquoi nous nous engageons autant dans les questions sociales que dans l&rsquo;environnement.<\/p>\n\n\n\n<div class=\"wp-block-buttons is-content-justification-center is-layout-flex wp-container-core-buttons-is-layout-a89b3969 wp-block-buttons-is-layout-flex\">\n<div class=\"wp-block-button\"><a class=\"wp-block-button__link wp-element-button\" href=\"https:\/\/acsys.wp3.visual4.com\/fr\/societe\/durabilite\/\">En savoir plus sur le d\u00e9veloppement durable chez ACSYS<\/a><\/div>\n<\/div>\n<\/div>\n<\/div>\n","protected":false},"excerpt":{"rendered":"<p>Excellente performance ACSYS d\u00e9veloppe des syst\u00e8mes et des proc\u00e9d\u00e9s laser innovants qui font r\u00e9f\u00e9rence. La qualit\u00e9 la plus \u00e9lev\u00e9e est notre exigence. De nombreuses nominations,&#8230;<\/p>\n","protected":false},"author":2,"featured_media":0,"parent":10004,"menu_order":3,"comment_status":"closed","ping_status":"closed","template":"","meta":{"_acf_changed":false,"inline_featured_image":false,"footnotes":""},"industry":[],"process":[],"class_list":["post-10035","page","type-page","status-publish","hentry"],"acf":[],"yoast_head":"<!-- This site is optimized with the Yoast SEO plugin v23.0 - https:\/\/yoast.com\/wordpress\/plugins\/seo\/ -->\n<title>Certificats - ACSYS Lasertechnik GmbH<\/title>\n<meta name=\"description\" content=\"Des certificats tels que DIN ISO 9001:2015 et DIN ISO 14001:2015 confirment la qualit\u00e9 contr\u00f4l\u00e9e d&#039;ACSYS.\" \/>\n<meta name=\"robots\" content=\"index, follow, max-snippet:-1, max-image-preview:large, max-video-preview:-1\" \/>\n<link rel=\"canonical\" href=\"https:\/\/acsys.wp3.visual4.com\/fr\/societe\/certificats\/\" \/>\n<meta property=\"og:locale\" content=\"fr_FR\" \/>\n<meta property=\"og:type\" content=\"article\" \/>\n<meta property=\"og:title\" content=\"Certificats - ACSYS Lasertechnik GmbH\" \/>\n<meta property=\"og:description\" content=\"Des certificats tels que DIN ISO 9001:2015 et DIN ISO 14001:2015 confirment la qualit\u00e9 contr\u00f4l\u00e9e d&#039;ACSYS.\" \/>\n<meta property=\"og:url\" content=\"https:\/\/acsys.wp3.visual4.com\/fr\/societe\/certificats\/\" \/>\n<meta property=\"og:site_name\" content=\"ACSYS Lasertechnik GmbH\" \/>\n<meta property=\"article:modified_time\" content=\"2024-06-17T12:07:50+00:00\" \/>\n<meta property=\"og:image\" content=\"https:\/\/acsys.wp3.visual4.com\/\/wp-content\/uploads\/ACSYS_Gerhard_Kimmel_Preis_des_mittelstands_2048x1384-jpg.webp\" \/>\n<meta name=\"twitter:card\" content=\"summary_large_image\" \/>\n<meta name=\"twitter:label1\" content=\"Dur\u00e9e de lecture estim\u00e9e\" \/>\n\t<meta name=\"twitter:data1\" content=\"1 minute\" \/>\n<script type=\"application\/ld+json\" class=\"yoast-schema-graph\">{\"@context\":\"https:\/\/schema.org\",\"@graph\":[{\"@type\":\"WebPage\",\"@id\":\"https:\/\/acsys.wp3.visual4.com\/fr\/societe\/certificats\/\",\"url\":\"https:\/\/acsys.wp3.visual4.com\/fr\/societe\/certificats\/\",\"name\":\"Certificats - ACSYS Lasertechnik GmbH\",\"isPartOf\":{\"@id\":\"https:\/\/acsys.wp3.visual4.com\/#website\"},\"primaryImageOfPage\":{\"@id\":\"https:\/\/acsys.wp3.visual4.com\/fr\/societe\/certificats\/#primaryimage\"},\"image\":{\"@id\":\"https:\/\/acsys.wp3.visual4.com\/fr\/societe\/certificats\/#primaryimage\"},\"thumbnailUrl\":\"https:\/\/acsys.wp3.visual4.com\/\/wp-content\/uploads\/ACSYS_Gerhard_Kimmel_Preis_des_mittelstands_2048x1384-jpg.webp\",\"datePublished\":\"2023-08-09T08:25:15+00:00\",\"dateModified\":\"2024-06-17T12:07:50+00:00\",\"description\":\"Des certificats tels que DIN ISO 9001:2015 et DIN ISO 14001:2015 confirment la qualit\u00e9 contr\u00f4l\u00e9e d'ACSYS.\",\"breadcrumb\":{\"@id\":\"https:\/\/acsys.wp3.visual4.com\/fr\/societe\/certificats\/#breadcrumb\"},\"inLanguage\":\"fr-FR\",\"potentialAction\":[{\"@type\":\"ReadAction\",\"target\":[\"https:\/\/acsys.wp3.visual4.com\/fr\/societe\/certificats\/\"]}]},{\"@type\":\"ImageObject\",\"inLanguage\":\"fr-FR\",\"@id\":\"https:\/\/acsys.wp3.visual4.com\/fr\/societe\/certificats\/#primaryimage\",\"url\":\"https:\/\/acsys.wp3.visual4.com\/\/wp-content\/uploads\/ACSYS_Gerhard_Kimmel_Preis_des_mittelstands_2048x1384-jpg.webp\",\"contentUrl\":\"https:\/\/acsys.wp3.visual4.com\/\/wp-content\/uploads\/ACSYS_Gerhard_Kimmel_Preis_des_mittelstands_2048x1384-jpg.webp\"},{\"@type\":\"BreadcrumbList\",\"@id\":\"https:\/\/acsys.wp3.visual4.com\/fr\/societe\/certificats\/#breadcrumb\",\"itemListElement\":[{\"@type\":\"ListItem\",\"position\":1,\"name\":\"Startseite\",\"item\":\"https:\/\/acsys.wp3.visual4.com\/fr\/\"},{\"@type\":\"ListItem\",\"position\":2,\"name\":\"Soci\u00e9t\u00e9\",\"item\":\"https:\/\/acsys.wp3.visual4.com\/fr\/societe\/\"},{\"@type\":\"ListItem\",\"position\":3,\"name\":\"Certificats\"}]},{\"@type\":\"WebSite\",\"@id\":\"https:\/\/acsys.wp3.visual4.com\/#website\",\"url\":\"https:\/\/acsys.wp3.visual4.com\/\",\"name\":\"ACSYS Lasertechnik GmbH\",\"description\":\"\",\"publisher\":{\"@id\":\"https:\/\/acsys.wp3.visual4.com\/#organization\"},\"potentialAction\":[{\"@type\":\"SearchAction\",\"target\":{\"@type\":\"EntryPoint\",\"urlTemplate\":\"https:\/\/acsys.wp3.visual4.com\/?s={search_term_string}\"},\"query-input\":\"required name=search_term_string\"}],\"inLanguage\":\"fr-FR\"},{\"@type\":\"Organization\",\"@id\":\"https:\/\/acsys.wp3.visual4.com\/#organization\",\"name\":\"ACSYS Lasertechnik GmbH\",\"url\":\"https:\/\/acsys.wp3.visual4.com\/\",\"logo\":{\"@type\":\"ImageObject\",\"inLanguage\":\"fr-FR\",\"@id\":\"https:\/\/acsys.wp3.visual4.com\/#\/schema\/logo\/image\/\",\"url\":\"https:\/\/acsys.wp3.visual4.com\/wp-content\/uploads\/Logo_Acsys-Lasersysteme.png\",\"contentUrl\":\"https:\/\/acsys.wp3.visual4.com\/wp-content\/uploads\/Logo_Acsys-Lasersysteme.png\",\"width\":957,\"height\":192,\"caption\":\"ACSYS Lasertechnik GmbH\"},\"image\":{\"@id\":\"https:\/\/acsys.wp3.visual4.com\/#\/schema\/logo\/image\/\"}}]}<\/script>\n<!-- \/ Yoast SEO plugin. -->","yoast_head_json":{"title":"Certificats - ACSYS Lasertechnik GmbH","description":"Des certificats tels que DIN ISO 9001:2015 et DIN ISO 14001:2015 confirment la qualit\u00e9 contr\u00f4l\u00e9e d'ACSYS.","robots":{"index":"index","follow":"follow","max-snippet":"max-snippet:-1","max-image-preview":"max-image-preview:large","max-video-preview":"max-video-preview:-1"},"canonical":"https:\/\/acsys.wp3.visual4.com\/fr\/societe\/certificats\/","og_locale":"fr_FR","og_type":"article","og_title":"Certificats - ACSYS Lasertechnik GmbH","og_description":"Des certificats tels que DIN ISO 9001:2015 et DIN ISO 14001:2015 confirment la qualit\u00e9 contr\u00f4l\u00e9e d'ACSYS.","og_url":"https:\/\/acsys.wp3.visual4.com\/fr\/societe\/certificats\/","og_site_name":"ACSYS Lasertechnik GmbH","article_modified_time":"2024-06-17T12:07:50+00:00","og_image":[{"url":"https:\/\/acsys.wp3.visual4.com\/\/wp-content\/uploads\/ACSYS_Gerhard_Kimmel_Preis_des_mittelstands_2048x1384-jpg.webp"}],"twitter_card":"summary_large_image","twitter_misc":{"Dur\u00e9e de lecture estim\u00e9e":"1 minute"},"schema":{"@context":"https:\/\/schema.org","@graph":[{"@type":"WebPage","@id":"https:\/\/acsys.wp3.visual4.com\/fr\/societe\/certificats\/","url":"https:\/\/acsys.wp3.visual4.com\/fr\/societe\/certificats\/","name":"Certificats - ACSYS Lasertechnik GmbH","isPartOf":{"@id":"https:\/\/acsys.wp3.visual4.com\/#website"},"primaryImageOfPage":{"@id":"https:\/\/acsys.wp3.visual4.com\/fr\/societe\/certificats\/#primaryimage"},"image":{"@id":"https:\/\/acsys.wp3.visual4.com\/fr\/societe\/certificats\/#primaryimage"},"thumbnailUrl":"https:\/\/acsys.wp3.visual4.com\/\/wp-content\/uploads\/ACSYS_Gerhard_Kimmel_Preis_des_mittelstands_2048x1384-jpg.webp","datePublished":"2023-08-09T08:25:15+00:00","dateModified":"2024-06-17T12:07:50+00:00","description":"Des certificats tels que DIN ISO 9001:2015 et DIN ISO 14001:2015 confirment la qualit\u00e9 contr\u00f4l\u00e9e d'ACSYS.","breadcrumb":{"@id":"https:\/\/acsys.wp3.visual4.com\/fr\/societe\/certificats\/#breadcrumb"},"inLanguage":"fr-FR","potentialAction":[{"@type":"ReadAction","target":["https:\/\/acsys.wp3.visual4.com\/fr\/societe\/certificats\/"]}]},{"@type":"ImageObject","inLanguage":"fr-FR","@id":"https:\/\/acsys.wp3.visual4.com\/fr\/societe\/certificats\/#primaryimage","url":"https:\/\/acsys.wp3.visual4.com\/\/wp-content\/uploads\/ACSYS_Gerhard_Kimmel_Preis_des_mittelstands_2048x1384-jpg.webp","contentUrl":"https:\/\/acsys.wp3.visual4.com\/\/wp-content\/uploads\/ACSYS_Gerhard_Kimmel_Preis_des_mittelstands_2048x1384-jpg.webp"},{"@type":"BreadcrumbList","@id":"https:\/\/acsys.wp3.visual4.com\/fr\/societe\/certificats\/#breadcrumb","itemListElement":[{"@type":"ListItem","position":1,"name":"Startseite","item":"https:\/\/acsys.wp3.visual4.com\/fr\/"},{"@type":"ListItem","position":2,"name":"Soci\u00e9t\u00e9","item":"https:\/\/acsys.wp3.visual4.com\/fr\/societe\/"},{"@type":"ListItem","position":3,"name":"Certificats"}]},{"@type":"WebSite","@id":"https:\/\/acsys.wp3.visual4.com\/#website","url":"https:\/\/acsys.wp3.visual4.com\/","name":"ACSYS Lasertechnik GmbH","description":"","publisher":{"@id":"https:\/\/acsys.wp3.visual4.com\/#organization"},"potentialAction":[{"@type":"SearchAction","target":{"@type":"EntryPoint","urlTemplate":"https:\/\/acsys.wp3.visual4.com\/?s={search_term_string}"},"query-input":"required name=search_term_string"}],"inLanguage":"fr-FR"},{"@type":"Organization","@id":"https:\/\/acsys.wp3.visual4.com\/#organization","name":"ACSYS Lasertechnik GmbH","url":"https:\/\/acsys.wp3.visual4.com\/","logo":{"@type":"ImageObject","inLanguage":"fr-FR","@id":"https:\/\/acsys.wp3.visual4.com\/#\/schema\/logo\/image\/","url":"https:\/\/acsys.wp3.visual4.com\/wp-content\/uploads\/Logo_Acsys-Lasersysteme.png","contentUrl":"https:\/\/acsys.wp3.visual4.com\/wp-content\/uploads\/Logo_Acsys-Lasersysteme.png","width":957,"height":192,"caption":"ACSYS Lasertechnik GmbH"},"image":{"@id":"https:\/\/acsys.wp3.visual4.com\/#\/schema\/logo\/image\/"}}]}},"_links":{"self":[{"href":"https:\/\/acsys.wp3.visual4.com\/fr\/wp-json\/wp\/v2\/pages\/10035","targetHints":{"allow":["GET"]}}],"collection":[{"href":"https:\/\/acsys.wp3.visual4.com\/fr\/wp-json\/wp\/v2\/pages"}],"about":[{"href":"https:\/\/acsys.wp3.visual4.com\/fr\/wp-json\/wp\/v2\/types\/page"}],"author":[{"embeddable":true,"href":"https:\/\/acsys.wp3.visual4.com\/fr\/wp-json\/wp\/v2\/users\/2"}],"replies":[{"embeddable":true,"href":"https:\/\/acsys.wp3.visual4.com\/fr\/wp-json\/wp\/v2\/comments?post=10035"}],"version-history":[{"count":2,"href":"https:\/\/acsys.wp3.visual4.com\/fr\/wp-json\/wp\/v2\/pages\/10035\/revisions"}],"predecessor-version":[{"id":10825,"href":"https:\/\/acsys.wp3.visual4.com\/fr\/wp-json\/wp\/v2\/pages\/10035\/revisions\/10825"}],"up":[{"embeddable":true,"href":"https:\/\/acsys.wp3.visual4.com\/fr\/wp-json\/wp\/v2\/pages\/10004"}],"wp:attachment":[{"href":"https:\/\/acsys.wp3.visual4.com\/fr\/wp-json\/wp\/v2\/media?parent=10035"}],"wp:term":[{"taxonomy":"industry","embeddable":true,"href":"https:\/\/acsys.wp3.visual4.com\/fr\/wp-json\/wp\/v2\/industry?post=10035"},{"taxonomy":"process","embeddable":true,"href":"https:\/\/acsys.wp3.visual4.com\/fr\/wp-json\/wp\/v2\/process?post=10035"}],"curies":[{"name":"wp","href":"https:\/\/api.w.org\/{rel}","templated":true}]}}